{"id":6396,"date":"2025-10-30T15:39:02","date_gmt":"2025-10-30T14:39:02","guid":{"rendered":"https:\/\/mm-kemperprofiles.com\/?post_type=product&#038;p=6396"},"modified":"2025-10-30T15:39:02","modified_gmt":"2025-10-30T14:39:02","slug":"evh-5150-iii-capture-pack","status":"publish","type":"product","link":"https:\/\/mm-kemperprofiles.com\/fr\/profile\/evh-5150-iii-capture-pack\/","title":{"rendered":"EVH 5150 III Capture Pack"},"content":{"rendered":"","protected":false},"excerpt":{"rendered":"<p>Le pack de captures EVH 5150 III contient 15 captures fantastiques r\u00e9alis\u00e9s professionnellement en studio sur le cab 2\u00d712 Celestion V30 d&rsquo;un M-M Custom.<br \/>\nLes sons de ce merveilleux amp vont du Clean \u00e0 l&rsquo;Overdrive en passant par le Lead.<br \/>\nLes profils sonnent parfaitement avec des guitares \u00e9quip\u00e9es d&rsquo;humbucker ou de simples bobinages.<\/p>\n","protected":false},"featured_media":6398,"comment_status":"open","ping_status":"closed","template":"","meta":{"_acf_changed":false},"product_brand":[],"product_cat":[127],"product_tag":[133,56],"class_list":{"0":"post-6396","1":"product","2":"type-product","3":"status-publish","4":"has-post-thumbnail","6":"product_cat-tonex-captures","7":"product_tag-evh","8":"product_tag-marshall-plexi","10":"first","11":"instock","12":"downloadable","13":"virtual","14":"sold-individually","15":"purchasable","16":"product-type-simple"},"acf":[],"yoast_head":"<!-- This site is optimized with the Yoast SEO plugin v27.4 - https:\/\/yoast.com\/product\/yoast-seo-wordpress\/ -->\n<title>EVH 5150 III Capture Pack - M-M Kemper Profiles<\/title>\n<meta name=\"description\" content=\"EVH 5150 III Capture Pack - Professional Studio Kemper Profiles and Tonex Captures, featuring Fender, Marshall, Mesa Boogie, Orange, Bogner, Kitty Hawk, Davoli and more!\" \/>\n<meta name=\"robots\" content=\"index, follow, max-snippet:-1, max-image-preview:large, max-video-preview:-1\" \/>\n<link rel=\"canonical\" href=\"https:\/\/mm-kemperprofiles.com\/fr\/profile\/evh-5150-iii-capture-pack\/\" \/>\n<meta property=\"og:locale\" content=\"fr_FR\" \/>\n<meta property=\"og:type\" content=\"article\" \/>\n<meta property=\"og:title\" content=\"EVH 5150 III Capture Pack - M-M Kemper Profiles\" \/>\n<meta property=\"og:description\" content=\"EVH 5150 III Capture Pack - Professional Studio Kemper Profiles and Tonex Captures, featuring Fender, Marshall, Mesa Boogie, Orange, Bogner, Kitty Hawk, Davoli and more!\" \/>\n<meta property=\"og:url\" content=\"https:\/\/mm-kemperprofiles.com\/fr\/profile\/evh-5150-iii-capture-pack\/\" \/>\n<meta property=\"og:site_name\" content=\"M-M Kemper Profiles\" \/>\n<meta property=\"article:publisher\" content=\"https:\/\/www.facebook.com\/mmkemperprofiles\" \/>\n<meta property=\"og:image\" content=\"https:\/\/mm-kemperprofiles.com\/wp-content\/uploads\/2025\/10\/M-M_EVH_5150-1.png\" \/>\n\t<meta property=\"og:image:width\" content=\"800\" \/>\n\t<meta property=\"og:image:height\" content=\"800\" \/>\n\t<meta property=\"og:image:type\" content=\"image\/png\" \/>\n<meta name=\"twitter:card\" content=\"summary_large_image\" \/>\n<meta name=\"twitter:site\" content=\"@MarcoMarchionn9\" \/>\n<meta name=\"twitter:label1\" content=\"Prix\" \/>\n\t<meta name=\"twitter:data1\" content=\"&euro;16,00\" \/>\n\t<meta name=\"twitter:label2\" content=\"Disponibilit\u00e9\" \/>\n\t<meta name=\"twitter:data2\" content=\"En stock\" \/>\n<script type=\"application\/ld+json\" class=\"yoast-schema-graph\">{\"@context\":\"https:\\\/\\\/schema.org\",\"@graph\":[{\"@type\":\"WebPage\",\"@id\":\"https:\\\/\\\/mm-kemperprofiles.com\\\/fr\\\/profile\\\/evh-5150-iii-capture-pack\\\/\",\"url\":\"https:\\\/\\\/mm-kemperprofiles.com\\\/fr\\\/profile\\\/evh-5150-iii-capture-pack\\\/\",\"name\":\"EVH 5150 III Capture Pack - M-M Kemper Profiles\",\"isPartOf\":{\"@id\":\"https:\\\/\\\/mm-kemperprofiles.com\\\/fr\\\/#website\"},\"primaryImageOfPage\":{\"@id\":\"https:\\\/\\\/mm-kemperprofiles.com\\\/fr\\\/profile\\\/evh-5150-iii-capture-pack\\\/#primaryimage\"},\"image\":{\"@id\":\"https:\\\/\\\/mm-kemperprofiles.com\\\/profile\\\/evh-5150-iii-capture-pack\\\/#primaryimage\"},\"thumbnailUrl\":\"https:\\\/\\\/mm-kemperprofiles.com\\\/wp-content\\\/uploads\\\/2025\\\/10\\\/M-M_EVH_5150-1.png\",\"datePublished\":\"2025-10-30T14:39:02+00:00\",\"description\":\"EVH 5150 III Capture Pack - Professional Studio Kemper Profiles and Tonex Captures, featuring Fender, Marshall, Mesa Boogie, Orange, Bogner, Kitty Hawk, Davoli and more!\",\"breadcrumb\":{\"@id\":\"https:\\\/\\\/mm-kemperprofiles.com\\\/fr\\\/profile\\\/evh-5150-iii-capture-pack\\\/#breadcrumb\"},\"inLanguage\":\"fr-FR\",\"potentialAction\":[{\"@type\":\"ReadAction\",\"target\":[[\"https:\\\/\\\/mm-kemperprofiles.com\\\/fr\\\/profile\\\/evh-5150-iii-capture-pack\\\/\"]]}]},{\"@type\":\"ImageObject\",\"inLanguage\":\"fr-FR\",\"@id\":\"https:\\\/\\\/mm-kemperprofiles.com\\\/fr\\\/profile\\\/evh-5150-iii-capture-pack\\\/#primaryimage\",\"url\":\"https:\\\/\\\/mm-kemperprofiles.com\\\/wp-content\\\/uploads\\\/2025\\\/10\\\/M-M_EVH_5150-1.png\",\"contentUrl\":\"https:\\\/\\\/mm-kemperprofiles.com\\\/wp-content\\\/uploads\\\/2025\\\/10\\\/M-M_EVH_5150-1.png\",\"width\":800,\"height\":800},{\"@type\":\"BreadcrumbList\",\"@id\":\"https:\\\/\\\/mm-kemperprofiles.com\\\/fr\\\/profile\\\/evh-5150-iii-capture-pack\\\/#breadcrumb\",\"itemListElement\":[{\"@type\":\"ListItem\",\"position\":1,\"name\":\"Home\",\"item\":\"https:\\\/\\\/mm-kemperprofiles.com\\\/fr\\\/\"},{\"@type\":\"ListItem\",\"position\":2,\"name\":\"Shop\",\"item\":\"https:\\\/\\\/mm-kemperprofiles.com\\\/fr\\\/shop\\\/\"},{\"@type\":\"ListItem\",\"position\":3,\"name\":\"EVH 5150 III Capture Pack\"}]},{\"@type\":\"WebSite\",\"@id\":\"https:\\\/\\\/mm-kemperprofiles.com\\\/fr\\\/#website\",\"url\":\"https:\\\/\\\/mm-kemperprofiles.com\\\/fr\\\/\",\"name\":\"M-M Kemper Profiles\",\"description\":\"Professional Studio Kemper Profiles\",\"publisher\":{\"@id\":\"https:\\\/\\\/mm-kemperprofiles.com\\\/fr\\\/#organization\"},\"potentialAction\":[{\"@type\":\"SearchAction\",\"target\":{\"@type\":\"EntryPoint\",\"urlTemplate\":\"https:\\\/\\\/mm-kemperprofiles.com\\\/fr\\\/?s={search_term_string}\"},\"query-input\":{\"@type\":\"PropertyValueSpecification\",\"valueRequired\":true,\"valueName\":\"search_term_string\"}}],\"inLanguage\":\"fr-FR\"},{\"@type\":\"Organization\",\"@id\":\"https:\\\/\\\/mm-kemperprofiles.com\\\/fr\\\/#organization\",\"name\":\"M-M Kemper Profiles\",\"url\":\"https:\\\/\\\/mm-kemperprofiles.com\\\/fr\\\/\",\"logo\":{\"@type\":\"ImageObject\",\"inLanguage\":\"fr-FR\",\"@id\":\"https:\\\/\\\/mm-kemperprofiles.com\\\/fr\\\/#\\\/schema\\\/logo\\\/image\\\/\",\"url\":\"https:\\\/\\\/mm-kemperprofiles.com\\\/wp-content\\\/uploads\\\/2020\\\/09\\\/kemper-profiles-small.png\",\"contentUrl\":\"https:\\\/\\\/mm-kemperprofiles.com\\\/wp-content\\\/uploads\\\/2020\\\/09\\\/kemper-profiles-small.png\",\"width\":300,\"height\":300,\"caption\":\"M-M Kemper Profiles\"},\"image\":{\"@id\":\"https:\\\/\\\/mm-kemperprofiles.com\\\/fr\\\/#\\\/schema\\\/logo\\\/image\\\/\"},\"sameAs\":[\"https:\\\/\\\/www.facebook.com\\\/mmkemperprofiles\",\"https:\\\/\\\/x.com\\\/MarcoMarchionn9\",\"https:\\\/\\\/instagram.com\\\/mm.kemper.profiles\",\"https:\\\/\\\/www.youtube.com\\\/@MMKemperProfiles\"]}]}<\/script>\n<meta property=\"product:price:amount\" content=\"16.00\" \/>\n<meta property=\"product:price:currency\" content=\"EUR\" \/>\n<meta property=\"og:availability\" content=\"instock\" \/>\n<meta property=\"product:availability\" content=\"instock\" \/>\n<meta property=\"product:retailer_item_id\" content=\"TX-EVH5150III\" \/>\n<meta property=\"product:condition\" content=\"new\" \/>\n<!-- \/ Yoast SEO plugin. -->","yoast_head_json":{"title":"EVH 5150 III Capture Pack - M-M Kemper Profiles","description":"EVH 5150 III Capture Pack - Professional Studio Kemper Profiles and Tonex Captures, featuring Fender, Marshall, Mesa Boogie, Orange, Bogner, Kitty Hawk, Davoli and more!","robots":{"index":"index","follow":"follow","max-snippet":"max-snippet:-1","max-image-preview":"max-image-preview:large","max-video-preview":"max-video-preview:-1"},"canonical":"https:\/\/mm-kemperprofiles.com\/fr\/profile\/evh-5150-iii-capture-pack\/","og_locale":"fr_FR","og_type":"article","og_title":"EVH 5150 III Capture Pack - M-M Kemper Profiles","og_description":"EVH 5150 III Capture Pack - Professional Studio Kemper Profiles and Tonex Captures, featuring Fender, Marshall, Mesa Boogie, Orange, Bogner, Kitty Hawk, Davoli and more!","og_url":"https:\/\/mm-kemperprofiles.com\/fr\/profile\/evh-5150-iii-capture-pack\/","og_site_name":"M-M Kemper Profiles","article_publisher":"https:\/\/www.facebook.com\/mmkemperprofiles","og_image":[{"width":800,"height":800,"url":"https:\/\/mm-kemperprofiles.com\/wp-content\/uploads\/2025\/10\/M-M_EVH_5150-1.png","type":"image\/png"}],"twitter_card":"summary_large_image","twitter_site":"@MarcoMarchionn9","twitter_misc":{"Prix":"&euro;16,00","Disponibilit\u00e9":"En stock"},"schema":{"@context":"https:\/\/schema.org","@graph":[{"@type":"WebPage","@id":"https:\/\/mm-kemperprofiles.com\/fr\/profile\/evh-5150-iii-capture-pack\/","url":"https:\/\/mm-kemperprofiles.com\/fr\/profile\/evh-5150-iii-capture-pack\/","name":"EVH 5150 III Capture Pack - M-M Kemper Profiles","isPartOf":{"@id":"https:\/\/mm-kemperprofiles.com\/fr\/#website"},"primaryImageOfPage":{"@id":"https:\/\/mm-kemperprofiles.com\/fr\/profile\/evh-5150-iii-capture-pack\/#primaryimage"},"image":{"@id":"https:\/\/mm-kemperprofiles.com\/profile\/evh-5150-iii-capture-pack\/#primaryimage"},"thumbnailUrl":"https:\/\/mm-kemperprofiles.com\/wp-content\/uploads\/2025\/10\/M-M_EVH_5150-1.png","datePublished":"2025-10-30T14:39:02+00:00","description":"EVH 5150 III Capture Pack - Professional Studio Kemper Profiles and Tonex Captures, featuring Fender, Marshall, Mesa Boogie, Orange, Bogner, Kitty Hawk, Davoli and more!","breadcrumb":{"@id":"https:\/\/mm-kemperprofiles.com\/fr\/profile\/evh-5150-iii-capture-pack\/#breadcrumb"},"inLanguage":"fr-FR","potentialAction":[{"@type":"ReadAction","target":[["https:\/\/mm-kemperprofiles.com\/fr\/profile\/evh-5150-iii-capture-pack\/"]]}]},{"@type":"ImageObject","inLanguage":"fr-FR","@id":"https:\/\/mm-kemperprofiles.com\/fr\/profile\/evh-5150-iii-capture-pack\/#primaryimage","url":"https:\/\/mm-kemperprofiles.com\/wp-content\/uploads\/2025\/10\/M-M_EVH_5150-1.png","contentUrl":"https:\/\/mm-kemperprofiles.com\/wp-content\/uploads\/2025\/10\/M-M_EVH_5150-1.png","width":800,"height":800},{"@type":"BreadcrumbList","@id":"https:\/\/mm-kemperprofiles.com\/fr\/profile\/evh-5150-iii-capture-pack\/#breadcrumb","itemListElement":[{"@type":"ListItem","position":1,"name":"Home","item":"https:\/\/mm-kemperprofiles.com\/fr\/"},{"@type":"ListItem","position":2,"name":"Shop","item":"https:\/\/mm-kemperprofiles.com\/fr\/shop\/"},{"@type":"ListItem","position":3,"name":"EVH 5150 III Capture Pack"}]},{"@type":"WebSite","@id":"https:\/\/mm-kemperprofiles.com\/fr\/#website","url":"https:\/\/mm-kemperprofiles.com\/fr\/","name":"M-M Kemper Profiles","description":"Professional Studio Kemper Profiles","publisher":{"@id":"https:\/\/mm-kemperprofiles.com\/fr\/#organization"},"potentialAction":[{"@type":"SearchAction","target":{"@type":"EntryPoint","urlTemplate":"https:\/\/mm-kemperprofiles.com\/fr\/?s={search_term_string}"},"query-input":{"@type":"PropertyValueSpecification","valueRequired":true,"valueName":"search_term_string"}}],"inLanguage":"fr-FR"},{"@type":"Organization","@id":"https:\/\/mm-kemperprofiles.com\/fr\/#organization","name":"M-M Kemper Profiles","url":"https:\/\/mm-kemperprofiles.com\/fr\/","logo":{"@type":"ImageObject","inLanguage":"fr-FR","@id":"https:\/\/mm-kemperprofiles.com\/fr\/#\/schema\/logo\/image\/","url":"https:\/\/mm-kemperprofiles.com\/wp-content\/uploads\/2020\/09\/kemper-profiles-small.png","contentUrl":"https:\/\/mm-kemperprofiles.com\/wp-content\/uploads\/2020\/09\/kemper-profiles-small.png","width":300,"height":300,"caption":"M-M Kemper Profiles"},"image":{"@id":"https:\/\/mm-kemperprofiles.com\/fr\/#\/schema\/logo\/image\/"},"sameAs":["https:\/\/www.facebook.com\/mmkemperprofiles","https:\/\/x.com\/MarcoMarchionn9","https:\/\/instagram.com\/mm.kemper.profiles","https:\/\/www.youtube.com\/@MMKemperProfiles"]}]},"product_price_amount":"16.00","product_price_currency":"EUR","og_availability":"instock","product_availability":"instock","product_retailer_item_id":"TX-EVH5150III","product_condition":"new"},"_links":{"self":[{"href":"https:\/\/mm-kemperprofiles.com\/fr\/wp-json\/wp\/v2\/product\/6396","targetHints":{"allow":["GET"]}}],"collection":[{"href":"https:\/\/mm-kemperprofiles.com\/fr\/wp-json\/wp\/v2\/product"}],"about":[{"href":"https:\/\/mm-kemperprofiles.com\/fr\/wp-json\/wp\/v2\/types\/product"}],"replies":[{"embeddable":true,"href":"https:\/\/mm-kemperprofiles.com\/fr\/wp-json\/wp\/v2\/comments?post=6396"}],"wp:featuredmedia":[{"embeddable":true,"href":"https:\/\/mm-kemperprofiles.com\/fr\/wp-json\/wp\/v2\/media\/6398"}],"wp:attachment":[{"href":"https:\/\/mm-kemperprofiles.com\/fr\/wp-json\/wp\/v2\/media?parent=6396"}],"wp:term":[{"taxonomy":"product_brand","embeddable":true,"href":"https:\/\/mm-kemperprofiles.com\/fr\/wp-json\/wp\/v2\/product_brand?post=6396"},{"taxonomy":"product_cat","embeddable":true,"href":"https:\/\/mm-kemperprofiles.com\/fr\/wp-json\/wp\/v2\/product_cat?post=6396"},{"taxonomy":"product_tag","embeddable":true,"href":"https:\/\/mm-kemperprofiles.com\/fr\/wp-json\/wp\/v2\/product_tag?post=6396"}],"curies":[{"name":"wp","href":"https:\/\/api.w.org\/{rel}","templated":true}]}}