{"id":6264,"date":"2025-08-30T14:38:06","date_gmt":"2025-08-30T12:38:06","guid":{"rendered":"https:\/\/mm-kemperprofiles.com\/?post_type=product&#038;p=6264"},"modified":"2025-08-30T19:14:17","modified_gmt":"2025-08-30T17:14:17","slug":"plexi-orange-capture-pack","status":"publish","type":"product","link":"https:\/\/mm-kemperprofiles.com\/fr\/profile\/plexi-orange-capture-pack\/","title":{"rendered":"Plexi\/Orange Capture Pack"},"content":{"rendered":"<p><iframe loading=\"lazy\" title=\"YouTube video player\" src=\"https:\/\/www.youtube-nocookie.com\/embed\/izD9NU9ohc0?si=4AERPDHeqMif2lRP\" width=\"560\" height=\"315\" frameborder=\"0\" allowfullscreen=\"allowfullscreen\"><\/iframe><\/p>\n","protected":false},"excerpt":{"rendered":"<p>Le pack de captures Plexi\/Orange contient 17 captures fantastiques obtenus en fusionnant deux amplificateurs acquis en m\u00eame temps.<br \/>\nL&rsquo;appariement comprend un Marshall JTM 45 des ann\u00e9es 1960 associ\u00e9 \u00e0 un baffle Bogner 4\u00d712 et un Orange Rockerverb associ\u00e9 \u00e0 un baffle 2\u00d712 M-M Custom.<br \/>\nLes sons obtenus en combinant 6 micros avec les diff\u00e9rents r\u00e9glages de l&rsquo;ampli sont incontestablement int\u00e9ressants.<br \/>\nPack indispensable!<\/p>\n","protected":false},"featured_media":6267,"comment_status":"open","ping_status":"closed","template":"","meta":{"_acf_changed":false},"product_brand":[],"product_cat":[127],"product_tag":[44,56,45],"class_list":{"0":"post-6264","1":"product","2":"type-product","3":"status-publish","4":"has-post-thumbnail","6":"product_cat-tonex-captures","7":"product_tag-marshall","8":"product_tag-marshall-plexi","9":"product_tag-orange","11":"first","12":"instock","13":"downloadable","14":"virtual","15":"sold-individually","16":"purchasable","17":"product-type-simple"},"acf":[],"yoast_head":"<!-- This site is optimized with the Yoast SEO plugin v27.5 - https:\/\/yoast.com\/product\/yoast-seo-wordpress\/ -->\n<title>Plexi\/Orange Capture Pack - M-M Kemper Profiles<\/title>\n<meta name=\"description\" content=\"Plexi\/Orange Capture Pack - Professional Studio Kemper Profiles and Tonex Captures, featuring Fender, Marshall, Mesa Boogie, Orange, Bogner, Kitty Hawk, Davoli and more!\" \/>\n<meta name=\"robots\" content=\"index, follow, max-snippet:-1, max-image-preview:large, max-video-preview:-1\" \/>\n<link rel=\"canonical\" href=\"https:\/\/mm-kemperprofiles.com\/fr\/profile\/plexi-orange-capture-pack\/\" \/>\n<meta property=\"og:locale\" content=\"fr_FR\" \/>\n<meta property=\"og:type\" content=\"article\" \/>\n<meta property=\"og:title\" content=\"Plexi\/Orange Capture Pack - M-M Kemper Profiles\" \/>\n<meta property=\"og:description\" content=\"Plexi\/Orange Capture Pack - Professional Studio Kemper Profiles and Tonex Captures, featuring Fender, Marshall, Mesa Boogie, Orange, Bogner, Kitty Hawk, Davoli and more!\" \/>\n<meta property=\"og:url\" content=\"https:\/\/mm-kemperprofiles.com\/fr\/profile\/plexi-orange-capture-pack\/\" \/>\n<meta property=\"og:site_name\" content=\"M-M Kemper Profiles\" \/>\n<meta property=\"article:publisher\" content=\"https:\/\/www.facebook.com\/mmkemperprofiles\" \/>\n<meta property=\"article:modified_time\" content=\"2025-08-30T17:14:17+00:00\" \/>\n<meta property=\"og:image\" content=\"https:\/\/mm-kemperprofiles.com\/wp-content\/uploads\/2025\/08\/PlexiOrange.png\" \/>\n\t<meta property=\"og:image:width\" content=\"800\" \/>\n\t<meta property=\"og:image:height\" content=\"800\" \/>\n\t<meta property=\"og:image:type\" content=\"image\/png\" \/>\n<meta name=\"twitter:card\" content=\"summary_large_image\" \/>\n<meta name=\"twitter:site\" content=\"@MarcoMarchionn9\" \/>\n<meta name=\"twitter:label1\" content=\"Prix\" \/>\n\t<meta name=\"twitter:data1\" content=\"&euro;18,00\" \/>\n\t<meta name=\"twitter:label2\" content=\"Disponibilit\u00e9\" \/>\n\t<meta name=\"twitter:data2\" content=\"En stock\" \/>\n<script type=\"application\/ld+json\" class=\"yoast-schema-graph\">{\"@context\":\"https:\\\/\\\/schema.org\",\"@graph\":[{\"@type\":\"WebPage\",\"@id\":\"https:\\\/\\\/mm-kemperprofiles.com\\\/fr\\\/profile\\\/plexi-orange-capture-pack\\\/\",\"url\":\"https:\\\/\\\/mm-kemperprofiles.com\\\/fr\\\/profile\\\/plexi-orange-capture-pack\\\/\",\"name\":\"Plexi\\\/Orange Capture Pack - M-M Kemper Profiles\",\"isPartOf\":{\"@id\":\"https:\\\/\\\/mm-kemperprofiles.com\\\/fr\\\/#website\"},\"primaryImageOfPage\":{\"@id\":\"https:\\\/\\\/mm-kemperprofiles.com\\\/fr\\\/profile\\\/plexi-orange-capture-pack\\\/#primaryimage\"},\"image\":{\"@id\":\"https:\\\/\\\/mm-kemperprofiles.com\\\/profile\\\/plexi-orange-capture-pack\\\/#primaryimage\"},\"thumbnailUrl\":\"https:\\\/\\\/mm-kemperprofiles.com\\\/wp-content\\\/uploads\\\/2025\\\/08\\\/PlexiOrange.png\",\"datePublished\":\"2025-08-30T12:38:06+00:00\",\"dateModified\":\"2025-08-30T17:14:17+00:00\",\"description\":\"Plexi\\\/Orange Capture Pack - Professional Studio Kemper Profiles and Tonex Captures, featuring Fender, Marshall, Mesa Boogie, Orange, Bogner, Kitty Hawk, Davoli and more!\",\"breadcrumb\":{\"@id\":\"https:\\\/\\\/mm-kemperprofiles.com\\\/fr\\\/profile\\\/plexi-orange-capture-pack\\\/#breadcrumb\"},\"inLanguage\":\"fr-FR\",\"potentialAction\":[{\"@type\":\"ReadAction\",\"target\":[[\"https:\\\/\\\/mm-kemperprofiles.com\\\/fr\\\/profile\\\/plexi-orange-capture-pack\\\/\"]]}]},{\"@type\":\"ImageObject\",\"inLanguage\":\"fr-FR\",\"@id\":\"https:\\\/\\\/mm-kemperprofiles.com\\\/fr\\\/profile\\\/plexi-orange-capture-pack\\\/#primaryimage\",\"url\":\"https:\\\/\\\/mm-kemperprofiles.com\\\/wp-content\\\/uploads\\\/2025\\\/08\\\/PlexiOrange.png\",\"contentUrl\":\"https:\\\/\\\/mm-kemperprofiles.com\\\/wp-content\\\/uploads\\\/2025\\\/08\\\/PlexiOrange.png\",\"width\":800,\"height\":800},{\"@type\":\"BreadcrumbList\",\"@id\":\"https:\\\/\\\/mm-kemperprofiles.com\\\/fr\\\/profile\\\/plexi-orange-capture-pack\\\/#breadcrumb\",\"itemListElement\":[{\"@type\":\"ListItem\",\"position\":1,\"name\":\"Home\",\"item\":\"https:\\\/\\\/mm-kemperprofiles.com\\\/fr\\\/\"},{\"@type\":\"ListItem\",\"position\":2,\"name\":\"Shop\",\"item\":\"https:\\\/\\\/mm-kemperprofiles.com\\\/fr\\\/shop\\\/\"},{\"@type\":\"ListItem\",\"position\":3,\"name\":\"Plexi\\\/Orange Capture Pack\"}]},{\"@type\":\"WebSite\",\"@id\":\"https:\\\/\\\/mm-kemperprofiles.com\\\/fr\\\/#website\",\"url\":\"https:\\\/\\\/mm-kemperprofiles.com\\\/fr\\\/\",\"name\":\"M-M Kemper Profiles\",\"description\":\"Professional Studio Kemper Profiles\",\"publisher\":{\"@id\":\"https:\\\/\\\/mm-kemperprofiles.com\\\/fr\\\/#organization\"},\"potentialAction\":[{\"@type\":\"SearchAction\",\"target\":{\"@type\":\"EntryPoint\",\"urlTemplate\":\"https:\\\/\\\/mm-kemperprofiles.com\\\/fr\\\/?s={search_term_string}\"},\"query-input\":{\"@type\":\"PropertyValueSpecification\",\"valueRequired\":true,\"valueName\":\"search_term_string\"}}],\"inLanguage\":\"fr-FR\"},{\"@type\":\"Organization\",\"@id\":\"https:\\\/\\\/mm-kemperprofiles.com\\\/fr\\\/#organization\",\"name\":\"M-M Kemper Profiles\",\"url\":\"https:\\\/\\\/mm-kemperprofiles.com\\\/fr\\\/\",\"logo\":{\"@type\":\"ImageObject\",\"inLanguage\":\"fr-FR\",\"@id\":\"https:\\\/\\\/mm-kemperprofiles.com\\\/fr\\\/#\\\/schema\\\/logo\\\/image\\\/\",\"url\":\"https:\\\/\\\/mm-kemperprofiles.com\\\/wp-content\\\/uploads\\\/2020\\\/09\\\/kemper-profiles-small.png\",\"contentUrl\":\"https:\\\/\\\/mm-kemperprofiles.com\\\/wp-content\\\/uploads\\\/2020\\\/09\\\/kemper-profiles-small.png\",\"width\":300,\"height\":300,\"caption\":\"M-M Kemper Profiles\"},\"image\":{\"@id\":\"https:\\\/\\\/mm-kemperprofiles.com\\\/fr\\\/#\\\/schema\\\/logo\\\/image\\\/\"},\"sameAs\":[\"https:\\\/\\\/www.facebook.com\\\/mmkemperprofiles\",\"https:\\\/\\\/x.com\\\/MarcoMarchionn9\",\"https:\\\/\\\/instagram.com\\\/mm.kemper.profiles\",\"https:\\\/\\\/www.youtube.com\\\/@MMKemperProfiles\"]}]}<\/script>\n<meta property=\"product:price:amount\" content=\"18.00\" \/>\n<meta property=\"product:price:currency\" content=\"EUR\" \/>\n<meta property=\"og:availability\" content=\"instock\" \/>\n<meta property=\"product:availability\" content=\"instock\" \/>\n<meta property=\"product:retailer_item_id\" content=\"TX-PLEXIORANGE\" \/>\n<meta property=\"product:condition\" content=\"new\" \/>\n<!-- \/ Yoast SEO plugin. -->","yoast_head_json":{"title":"Plexi\/Orange Capture Pack - M-M Kemper Profiles","description":"Plexi\/Orange Capture Pack - Professional Studio Kemper Profiles and Tonex Captures, featuring Fender, Marshall, Mesa Boogie, Orange, Bogner, Kitty Hawk, Davoli and more!","robots":{"index":"index","follow":"follow","max-snippet":"max-snippet:-1","max-image-preview":"max-image-preview:large","max-video-preview":"max-video-preview:-1"},"canonical":"https:\/\/mm-kemperprofiles.com\/fr\/profile\/plexi-orange-capture-pack\/","og_locale":"fr_FR","og_type":"article","og_title":"Plexi\/Orange Capture Pack - M-M Kemper Profiles","og_description":"Plexi\/Orange Capture Pack - Professional Studio Kemper Profiles and Tonex Captures, featuring Fender, Marshall, Mesa Boogie, Orange, Bogner, Kitty Hawk, Davoli and more!","og_url":"https:\/\/mm-kemperprofiles.com\/fr\/profile\/plexi-orange-capture-pack\/","og_site_name":"M-M Kemper Profiles","article_publisher":"https:\/\/www.facebook.com\/mmkemperprofiles","article_modified_time":"2025-08-30T17:14:17+00:00","og_image":[{"width":800,"height":800,"url":"https:\/\/mm-kemperprofiles.com\/wp-content\/uploads\/2025\/08\/PlexiOrange.png","type":"image\/png"}],"twitter_card":"summary_large_image","twitter_site":"@MarcoMarchionn9","twitter_misc":{"Prix":"&euro;18,00","Disponibilit\u00e9":"En stock"},"schema":{"@context":"https:\/\/schema.org","@graph":[{"@type":"WebPage","@id":"https:\/\/mm-kemperprofiles.com\/fr\/profile\/plexi-orange-capture-pack\/","url":"https:\/\/mm-kemperprofiles.com\/fr\/profile\/plexi-orange-capture-pack\/","name":"Plexi\/Orange Capture Pack - M-M Kemper Profiles","isPartOf":{"@id":"https:\/\/mm-kemperprofiles.com\/fr\/#website"},"primaryImageOfPage":{"@id":"https:\/\/mm-kemperprofiles.com\/fr\/profile\/plexi-orange-capture-pack\/#primaryimage"},"image":{"@id":"https:\/\/mm-kemperprofiles.com\/profile\/plexi-orange-capture-pack\/#primaryimage"},"thumbnailUrl":"https:\/\/mm-kemperprofiles.com\/wp-content\/uploads\/2025\/08\/PlexiOrange.png","datePublished":"2025-08-30T12:38:06+00:00","dateModified":"2025-08-30T17:14:17+00:00","description":"Plexi\/Orange Capture Pack - Professional Studio Kemper Profiles and Tonex Captures, featuring Fender, Marshall, Mesa Boogie, Orange, Bogner, Kitty Hawk, Davoli and more!","breadcrumb":{"@id":"https:\/\/mm-kemperprofiles.com\/fr\/profile\/plexi-orange-capture-pack\/#breadcrumb"},"inLanguage":"fr-FR","potentialAction":[{"@type":"ReadAction","target":[["https:\/\/mm-kemperprofiles.com\/fr\/profile\/plexi-orange-capture-pack\/"]]}]},{"@type":"ImageObject","inLanguage":"fr-FR","@id":"https:\/\/mm-kemperprofiles.com\/fr\/profile\/plexi-orange-capture-pack\/#primaryimage","url":"https:\/\/mm-kemperprofiles.com\/wp-content\/uploads\/2025\/08\/PlexiOrange.png","contentUrl":"https:\/\/mm-kemperprofiles.com\/wp-content\/uploads\/2025\/08\/PlexiOrange.png","width":800,"height":800},{"@type":"BreadcrumbList","@id":"https:\/\/mm-kemperprofiles.com\/fr\/profile\/plexi-orange-capture-pack\/#breadcrumb","itemListElement":[{"@type":"ListItem","position":1,"name":"Home","item":"https:\/\/mm-kemperprofiles.com\/fr\/"},{"@type":"ListItem","position":2,"name":"Shop","item":"https:\/\/mm-kemperprofiles.com\/fr\/shop\/"},{"@type":"ListItem","position":3,"name":"Plexi\/Orange Capture Pack"}]},{"@type":"WebSite","@id":"https:\/\/mm-kemperprofiles.com\/fr\/#website","url":"https:\/\/mm-kemperprofiles.com\/fr\/","name":"M-M Kemper Profiles","description":"Professional Studio Kemper Profiles","publisher":{"@id":"https:\/\/mm-kemperprofiles.com\/fr\/#organization"},"potentialAction":[{"@type":"SearchAction","target":{"@type":"EntryPoint","urlTemplate":"https:\/\/mm-kemperprofiles.com\/fr\/?s={search_term_string}"},"query-input":{"@type":"PropertyValueSpecification","valueRequired":true,"valueName":"search_term_string"}}],"inLanguage":"fr-FR"},{"@type":"Organization","@id":"https:\/\/mm-kemperprofiles.com\/fr\/#organization","name":"M-M Kemper Profiles","url":"https:\/\/mm-kemperprofiles.com\/fr\/","logo":{"@type":"ImageObject","inLanguage":"fr-FR","@id":"https:\/\/mm-kemperprofiles.com\/fr\/#\/schema\/logo\/image\/","url":"https:\/\/mm-kemperprofiles.com\/wp-content\/uploads\/2020\/09\/kemper-profiles-small.png","contentUrl":"https:\/\/mm-kemperprofiles.com\/wp-content\/uploads\/2020\/09\/kemper-profiles-small.png","width":300,"height":300,"caption":"M-M Kemper Profiles"},"image":{"@id":"https:\/\/mm-kemperprofiles.com\/fr\/#\/schema\/logo\/image\/"},"sameAs":["https:\/\/www.facebook.com\/mmkemperprofiles","https:\/\/x.com\/MarcoMarchionn9","https:\/\/instagram.com\/mm.kemper.profiles","https:\/\/www.youtube.com\/@MMKemperProfiles"]}]},"product_price_amount":"18.00","product_price_currency":"EUR","og_availability":"instock","product_availability":"instock","product_retailer_item_id":"TX-PLEXIORANGE","product_condition":"new"},"_links":{"self":[{"href":"https:\/\/mm-kemperprofiles.com\/fr\/wp-json\/wp\/v2\/product\/6264","targetHints":{"allow":["GET"]}}],"collection":[{"href":"https:\/\/mm-kemperprofiles.com\/fr\/wp-json\/wp\/v2\/product"}],"about":[{"href":"https:\/\/mm-kemperprofiles.com\/fr\/wp-json\/wp\/v2\/types\/product"}],"replies":[{"embeddable":true,"href":"https:\/\/mm-kemperprofiles.com\/fr\/wp-json\/wp\/v2\/comments?post=6264"}],"wp:featuredmedia":[{"embeddable":true,"href":"https:\/\/mm-kemperprofiles.com\/fr\/wp-json\/wp\/v2\/media\/6267"}],"wp:attachment":[{"href":"https:\/\/mm-kemperprofiles.com\/fr\/wp-json\/wp\/v2\/media?parent=6264"}],"wp:term":[{"taxonomy":"product_brand","embeddable":true,"href":"https:\/\/mm-kemperprofiles.com\/fr\/wp-json\/wp\/v2\/product_brand?post=6264"},{"taxonomy":"product_cat","embeddable":true,"href":"https:\/\/mm-kemperprofiles.com\/fr\/wp-json\/wp\/v2\/product_cat?post=6264"},{"taxonomy":"product_tag","embeddable":true,"href":"https:\/\/mm-kemperprofiles.com\/fr\/wp-json\/wp\/v2\/product_tag?post=6264"}],"curies":[{"name":"wp","href":"https:\/\/api.w.org\/{rel}","templated":true}]}}