{"id":2347,"date":"2022-08-06T13:39:47","date_gmt":"2022-08-06T11:39:47","guid":{"rendered":"https:\/\/mm-kemperprofiles.com\/?post_type=product&#038;p=2347"},"modified":"2026-04-16T11:28:39","modified_gmt":"2026-04-16T09:28:39","slug":"od-pedals-profile-pack","status":"publish","type":"product","link":"https:\/\/mm-kemperprofiles.com\/fr\/profile\/od-pedals-profile-pack\/","title":{"rendered":"OD Pedals Profile Pack"},"content":{"rendered":"<p><iframe loading=\"lazy\" title=\"YouTube video player\" src=\"https:\/\/www.youtube-nocookie.com\/embed\/sPXQQKI_B1o\" width=\"560\" height=\"315\" frameborder=\"0\" allowfullscreen=\"allowfullscreen\"><span data-mce-type=\"bookmark\" style=\"display: inline-block; width: 0px; overflow: hidden; line-height: 0;\" class=\"mce_SELRES_start\">\ufeff<\/span><\/iframe><br \/>\n<iframe loading=\"lazy\" title=\"YouTube video player\" src=\"https:\/\/www.youtube-nocookie.com\/embed\/dj42GaYPOEM\" width=\"560\" height=\"315\" frameborder=\"0\" allowfullscreen=\"allowfullscreen\"><\/iframe><br \/>\n<iframe loading=\"lazy\" title=\"YouTube video player\" src=\"https:\/\/www.youtube-nocookie.com\/embed\/5axdIzGE-C4\" width=\"560\" height=\"315\" frameborder=\"0\" allowfullscreen=\"allowfullscreen\"><\/iframe><br \/>\n<iframe loading=\"lazy\" title=\"YouTube video player\" src=\"https:\/\/www.youtube-nocookie.com\/embed\/EzP6StcZRgk\" width=\"560\" height=\"315\" frameborder=\"0\" allowfullscreen=\"allowfullscreen\"><\/iframe><\/p>","protected":false},"excerpt":{"rendered":"<p>Le OD Pedals Profile Pack est une s\u00e9lection de p\u00e9dales d&rsquo;overdrive profil\u00e9es principalement sur une t\u00eate Marshall JMP de 69 et un cabinet Bogner 4&#215;12.<br \/>\nCe pack comprend les profils de 20 p\u00e9dales fantastiques notamment: Klon Centaur, Klon KTR, Analog Man King Of Tone, Pete Cornish SS-3, Fulltone OCD, Chandler Tube Driver, Menatone Fish Factory et bien d&rsquo;autres.<br \/>\nL&rsquo;achat de ce produit vous donne droit \u00e0 toutes les mises \u00e0 jour et aux futurs profils de p\u00e9dales s\u00e9lectionn\u00e9s par M-M Kemper Profiles gratuitement.<br \/>\n\u00c0 ne pas manquer!<\/p>\n","protected":false},"featured_media":2350,"comment_status":"open","ping_status":"closed","template":"","meta":{"_acf_changed":false},"product_brand":[],"product_cat":[16],"product_tag":[44,108,107],"class_list":{"0":"post-2347","1":"product","2":"type-product","3":"status-publish","4":"has-post-thumbnail","6":"product_cat-kemper-profiles","7":"product_tag-marshall","8":"product_tag-overdrive","9":"product_tag-pedal","11":"first","12":"instock","13":"downloadable","14":"virtual","15":"sold-individually","16":"purchasable","17":"product-type-simple"},"acf":[],"yoast_head":"<!-- This site is optimized with the Yoast SEO plugin v27.4 - https:\/\/yoast.com\/product\/yoast-seo-wordpress\/ -->\n<title>OD Pedals Profile Pack - M-M Kemper Profiles<\/title>\n<meta name=\"description\" content=\"OD Pedals Profile Pack - Professional Studio Kemper Profiles and Tonex Captures, featuring Fender, Marshall, Mesa Boogie, Orange, Bogner, Kitty Hawk, Davoli and more!\" \/>\n<meta name=\"robots\" content=\"index, follow, max-snippet:-1, max-image-preview:large, max-video-preview:-1\" \/>\n<link rel=\"canonical\" href=\"https:\/\/mm-kemperprofiles.com\/fr\/profile\/od-pedals-profile-pack\/\" \/>\n<meta property=\"og:locale\" content=\"fr_FR\" \/>\n<meta property=\"og:type\" content=\"article\" \/>\n<meta property=\"og:title\" content=\"OD Pedals Profile Pack - M-M Kemper Profiles\" \/>\n<meta property=\"og:description\" content=\"OD Pedals Profile Pack - Professional Studio Kemper Profiles and Tonex Captures, featuring Fender, Marshall, Mesa Boogie, Orange, Bogner, Kitty Hawk, Davoli and more!\" \/>\n<meta property=\"og:url\" content=\"https:\/\/mm-kemperprofiles.com\/fr\/profile\/od-pedals-profile-pack\/\" \/>\n<meta property=\"og:site_name\" content=\"M-M Kemper Profiles\" \/>\n<meta property=\"article:publisher\" content=\"https:\/\/www.facebook.com\/mmkemperprofiles\" \/>\n<meta property=\"article:modified_time\" content=\"2026-04-16T09:28:39+00:00\" \/>\n<meta property=\"og:image\" content=\"https:\/\/mm-kemperprofiles.com\/wp-content\/uploads\/2022\/08\/M-M-OD_Pedals_Profile_Pack.png\" \/>\n\t<meta property=\"og:image:width\" content=\"800\" \/>\n\t<meta property=\"og:image:height\" content=\"800\" \/>\n\t<meta property=\"og:image:type\" content=\"image\/png\" \/>\n<meta name=\"twitter:card\" content=\"summary_large_image\" \/>\n<meta name=\"twitter:site\" content=\"@MarcoMarchionn9\" \/>\n<meta name=\"twitter:label1\" content=\"Prix\" \/>\n\t<meta name=\"twitter:data1\" content=\"&euro;14,00\" \/>\n\t<meta name=\"twitter:label2\" content=\"Disponibilit\u00e9\" \/>\n\t<meta name=\"twitter:data2\" content=\"En stock\" \/>\n<script type=\"application\/ld+json\" class=\"yoast-schema-graph\">{\"@context\":\"https:\\\/\\\/schema.org\",\"@graph\":[{\"@type\":\"WebPage\",\"@id\":\"https:\\\/\\\/mm-kemperprofiles.com\\\/fr\\\/profile\\\/od-pedals-profile-pack\\\/\",\"url\":\"https:\\\/\\\/mm-kemperprofiles.com\\\/fr\\\/profile\\\/od-pedals-profile-pack\\\/\",\"name\":\"OD Pedals Profile Pack - M-M Kemper Profiles\",\"isPartOf\":{\"@id\":\"https:\\\/\\\/mm-kemperprofiles.com\\\/fr\\\/#website\"},\"primaryImageOfPage\":{\"@id\":\"https:\\\/\\\/mm-kemperprofiles.com\\\/fr\\\/profile\\\/od-pedals-profile-pack\\\/#primaryimage\"},\"image\":{\"@id\":\"https:\\\/\\\/mm-kemperprofiles.com\\\/profile\\\/od-pedals-profile-pack\\\/#primaryimage\"},\"thumbnailUrl\":\"https:\\\/\\\/mm-kemperprofiles.com\\\/wp-content\\\/uploads\\\/2022\\\/08\\\/M-M-OD_Pedals_Profile_Pack.png\",\"datePublished\":\"2022-08-06T11:39:47+00:00\",\"dateModified\":\"2026-04-16T09:28:39+00:00\",\"description\":\"OD Pedals Profile Pack - Professional Studio Kemper Profiles and Tonex Captures, featuring Fender, Marshall, Mesa Boogie, Orange, Bogner, Kitty Hawk, Davoli and more!\",\"breadcrumb\":{\"@id\":\"https:\\\/\\\/mm-kemperprofiles.com\\\/fr\\\/profile\\\/od-pedals-profile-pack\\\/#breadcrumb\"},\"inLanguage\":\"fr-FR\",\"potentialAction\":[{\"@type\":\"ReadAction\",\"target\":[[\"https:\\\/\\\/mm-kemperprofiles.com\\\/fr\\\/profile\\\/od-pedals-profile-pack\\\/\"]]}]},{\"@type\":\"ImageObject\",\"inLanguage\":\"fr-FR\",\"@id\":\"https:\\\/\\\/mm-kemperprofiles.com\\\/fr\\\/profile\\\/od-pedals-profile-pack\\\/#primaryimage\",\"url\":\"https:\\\/\\\/mm-kemperprofiles.com\\\/wp-content\\\/uploads\\\/2022\\\/08\\\/M-M-OD_Pedals_Profile_Pack.png\",\"contentUrl\":\"https:\\\/\\\/mm-kemperprofiles.com\\\/wp-content\\\/uploads\\\/2022\\\/08\\\/M-M-OD_Pedals_Profile_Pack.png\",\"width\":800,\"height\":800,\"caption\":\"M-M OD Pedals Profile Pack\"},{\"@type\":\"BreadcrumbList\",\"@id\":\"https:\\\/\\\/mm-kemperprofiles.com\\\/fr\\\/profile\\\/od-pedals-profile-pack\\\/#breadcrumb\",\"itemListElement\":[{\"@type\":\"ListItem\",\"position\":1,\"name\":\"Home\",\"item\":\"https:\\\/\\\/mm-kemperprofiles.com\\\/fr\\\/\"},{\"@type\":\"ListItem\",\"position\":2,\"name\":\"Shop\",\"item\":\"https:\\\/\\\/mm-kemperprofiles.com\\\/fr\\\/shop\\\/\"},{\"@type\":\"ListItem\",\"position\":3,\"name\":\"OD Pedals Profile Pack\"}]},{\"@type\":\"WebSite\",\"@id\":\"https:\\\/\\\/mm-kemperprofiles.com\\\/fr\\\/#website\",\"url\":\"https:\\\/\\\/mm-kemperprofiles.com\\\/fr\\\/\",\"name\":\"M-M Kemper Profiles\",\"description\":\"Professional Studio Kemper Profiles\",\"publisher\":{\"@id\":\"https:\\\/\\\/mm-kemperprofiles.com\\\/fr\\\/#organization\"},\"potentialAction\":[{\"@type\":\"SearchAction\",\"target\":{\"@type\":\"EntryPoint\",\"urlTemplate\":\"https:\\\/\\\/mm-kemperprofiles.com\\\/fr\\\/?s={search_term_string}\"},\"query-input\":{\"@type\":\"PropertyValueSpecification\",\"valueRequired\":true,\"valueName\":\"search_term_string\"}}],\"inLanguage\":\"fr-FR\"},{\"@type\":\"Organization\",\"@id\":\"https:\\\/\\\/mm-kemperprofiles.com\\\/fr\\\/#organization\",\"name\":\"M-M Kemper Profiles\",\"url\":\"https:\\\/\\\/mm-kemperprofiles.com\\\/fr\\\/\",\"logo\":{\"@type\":\"ImageObject\",\"inLanguage\":\"fr-FR\",\"@id\":\"https:\\\/\\\/mm-kemperprofiles.com\\\/fr\\\/#\\\/schema\\\/logo\\\/image\\\/\",\"url\":\"https:\\\/\\\/mm-kemperprofiles.com\\\/wp-content\\\/uploads\\\/2020\\\/09\\\/kemper-profiles-small.png\",\"contentUrl\":\"https:\\\/\\\/mm-kemperprofiles.com\\\/wp-content\\\/uploads\\\/2020\\\/09\\\/kemper-profiles-small.png\",\"width\":300,\"height\":300,\"caption\":\"M-M Kemper Profiles\"},\"image\":{\"@id\":\"https:\\\/\\\/mm-kemperprofiles.com\\\/fr\\\/#\\\/schema\\\/logo\\\/image\\\/\"},\"sameAs\":[\"https:\\\/\\\/www.facebook.com\\\/mmkemperprofiles\",\"https:\\\/\\\/x.com\\\/MarcoMarchionn9\",\"https:\\\/\\\/instagram.com\\\/mm.kemper.profiles\",\"https:\\\/\\\/www.youtube.com\\\/@MMKemperProfiles\"]}]}<\/script>\n<meta property=\"product:price:amount\" content=\"14.00\" \/>\n<meta property=\"product:price:currency\" content=\"EUR\" \/>\n<meta property=\"og:availability\" content=\"instock\" \/>\n<meta property=\"product:availability\" content=\"instock\" \/>\n<meta property=\"product:retailer_item_id\" content=\"KP-ODPEDALS\" \/>\n<meta property=\"product:condition\" content=\"new\" \/>\n<!-- \/ Yoast SEO plugin. -->","yoast_head_json":{"title":"OD Pedals Profile Pack - M-M Kemper Profiles","description":"OD Pedals Profile Pack - Professional Studio Kemper Profiles and Tonex Captures, featuring Fender, Marshall, Mesa Boogie, Orange, Bogner, Kitty Hawk, Davoli and more!","robots":{"index":"index","follow":"follow","max-snippet":"max-snippet:-1","max-image-preview":"max-image-preview:large","max-video-preview":"max-video-preview:-1"},"canonical":"https:\/\/mm-kemperprofiles.com\/fr\/profile\/od-pedals-profile-pack\/","og_locale":"fr_FR","og_type":"article","og_title":"OD Pedals Profile Pack - M-M Kemper Profiles","og_description":"OD Pedals Profile Pack - Professional Studio Kemper Profiles and Tonex Captures, featuring Fender, Marshall, Mesa Boogie, Orange, Bogner, Kitty Hawk, Davoli and more!","og_url":"https:\/\/mm-kemperprofiles.com\/fr\/profile\/od-pedals-profile-pack\/","og_site_name":"M-M Kemper Profiles","article_publisher":"https:\/\/www.facebook.com\/mmkemperprofiles","article_modified_time":"2026-04-16T09:28:39+00:00","og_image":[{"width":800,"height":800,"url":"https:\/\/mm-kemperprofiles.com\/wp-content\/uploads\/2022\/08\/M-M-OD_Pedals_Profile_Pack.png","type":"image\/png"}],"twitter_card":"summary_large_image","twitter_site":"@MarcoMarchionn9","twitter_misc":{"Prix":"&euro;14,00","Disponibilit\u00e9":"En stock"},"schema":{"@context":"https:\/\/schema.org","@graph":[{"@type":"WebPage","@id":"https:\/\/mm-kemperprofiles.com\/fr\/profile\/od-pedals-profile-pack\/","url":"https:\/\/mm-kemperprofiles.com\/fr\/profile\/od-pedals-profile-pack\/","name":"OD Pedals Profile Pack - M-M Kemper Profiles","isPartOf":{"@id":"https:\/\/mm-kemperprofiles.com\/fr\/#website"},"primaryImageOfPage":{"@id":"https:\/\/mm-kemperprofiles.com\/fr\/profile\/od-pedals-profile-pack\/#primaryimage"},"image":{"@id":"https:\/\/mm-kemperprofiles.com\/profile\/od-pedals-profile-pack\/#primaryimage"},"thumbnailUrl":"https:\/\/mm-kemperprofiles.com\/wp-content\/uploads\/2022\/08\/M-M-OD_Pedals_Profile_Pack.png","datePublished":"2022-08-06T11:39:47+00:00","dateModified":"2026-04-16T09:28:39+00:00","description":"OD Pedals Profile Pack - Professional Studio Kemper Profiles and Tonex Captures, featuring Fender, Marshall, Mesa Boogie, Orange, Bogner, Kitty Hawk, Davoli and more!","breadcrumb":{"@id":"https:\/\/mm-kemperprofiles.com\/fr\/profile\/od-pedals-profile-pack\/#breadcrumb"},"inLanguage":"fr-FR","potentialAction":[{"@type":"ReadAction","target":[["https:\/\/mm-kemperprofiles.com\/fr\/profile\/od-pedals-profile-pack\/"]]}]},{"@type":"ImageObject","inLanguage":"fr-FR","@id":"https:\/\/mm-kemperprofiles.com\/fr\/profile\/od-pedals-profile-pack\/#primaryimage","url":"https:\/\/mm-kemperprofiles.com\/wp-content\/uploads\/2022\/08\/M-M-OD_Pedals_Profile_Pack.png","contentUrl":"https:\/\/mm-kemperprofiles.com\/wp-content\/uploads\/2022\/08\/M-M-OD_Pedals_Profile_Pack.png","width":800,"height":800,"caption":"M-M OD Pedals Profile Pack"},{"@type":"BreadcrumbList","@id":"https:\/\/mm-kemperprofiles.com\/fr\/profile\/od-pedals-profile-pack\/#breadcrumb","itemListElement":[{"@type":"ListItem","position":1,"name":"Home","item":"https:\/\/mm-kemperprofiles.com\/fr\/"},{"@type":"ListItem","position":2,"name":"Shop","item":"https:\/\/mm-kemperprofiles.com\/fr\/shop\/"},{"@type":"ListItem","position":3,"name":"OD Pedals Profile Pack"}]},{"@type":"WebSite","@id":"https:\/\/mm-kemperprofiles.com\/fr\/#website","url":"https:\/\/mm-kemperprofiles.com\/fr\/","name":"M-M Kemper Profiles","description":"Professional Studio Kemper Profiles","publisher":{"@id":"https:\/\/mm-kemperprofiles.com\/fr\/#organization"},"potentialAction":[{"@type":"SearchAction","target":{"@type":"EntryPoint","urlTemplate":"https:\/\/mm-kemperprofiles.com\/fr\/?s={search_term_string}"},"query-input":{"@type":"PropertyValueSpecification","valueRequired":true,"valueName":"search_term_string"}}],"inLanguage":"fr-FR"},{"@type":"Organization","@id":"https:\/\/mm-kemperprofiles.com\/fr\/#organization","name":"M-M Kemper Profiles","url":"https:\/\/mm-kemperprofiles.com\/fr\/","logo":{"@type":"ImageObject","inLanguage":"fr-FR","@id":"https:\/\/mm-kemperprofiles.com\/fr\/#\/schema\/logo\/image\/","url":"https:\/\/mm-kemperprofiles.com\/wp-content\/uploads\/2020\/09\/kemper-profiles-small.png","contentUrl":"https:\/\/mm-kemperprofiles.com\/wp-content\/uploads\/2020\/09\/kemper-profiles-small.png","width":300,"height":300,"caption":"M-M Kemper Profiles"},"image":{"@id":"https:\/\/mm-kemperprofiles.com\/fr\/#\/schema\/logo\/image\/"},"sameAs":["https:\/\/www.facebook.com\/mmkemperprofiles","https:\/\/x.com\/MarcoMarchionn9","https:\/\/instagram.com\/mm.kemper.profiles","https:\/\/www.youtube.com\/@MMKemperProfiles"]}]},"product_price_amount":"14.00","product_price_currency":"EUR","og_availability":"instock","product_availability":"instock","product_retailer_item_id":"KP-ODPEDALS","product_condition":"new"},"_links":{"self":[{"href":"https:\/\/mm-kemperprofiles.com\/fr\/wp-json\/wp\/v2\/product\/2347","targetHints":{"allow":["GET"]}}],"collection":[{"href":"https:\/\/mm-kemperprofiles.com\/fr\/wp-json\/wp\/v2\/product"}],"about":[{"href":"https:\/\/mm-kemperprofiles.com\/fr\/wp-json\/wp\/v2\/types\/product"}],"replies":[{"embeddable":true,"href":"https:\/\/mm-kemperprofiles.com\/fr\/wp-json\/wp\/v2\/comments?post=2347"}],"wp:featuredmedia":[{"embeddable":true,"href":"https:\/\/mm-kemperprofiles.com\/fr\/wp-json\/wp\/v2\/media\/2350"}],"wp:attachment":[{"href":"https:\/\/mm-kemperprofiles.com\/fr\/wp-json\/wp\/v2\/media?parent=2347"}],"wp:term":[{"taxonomy":"product_brand","embeddable":true,"href":"https:\/\/mm-kemperprofiles.com\/fr\/wp-json\/wp\/v2\/product_brand?post=2347"},{"taxonomy":"product_cat","embeddable":true,"href":"https:\/\/mm-kemperprofiles.com\/fr\/wp-json\/wp\/v2\/product_cat?post=2347"},{"taxonomy":"product_tag","embeddable":true,"href":"https:\/\/mm-kemperprofiles.com\/fr\/wp-json\/wp\/v2\/product_tag?post=2347"}],"curies":[{"name":"wp","href":"https:\/\/api.w.org\/{rel}","templated":true}]}}