{"id":1987,"date":"2022-03-16T11:54:07","date_gmt":"2022-03-16T10:54:07","guid":{"rendered":"https:\/\/mm-kemperprofiles.com\/?post_type=product&#038;p=1987"},"modified":"2022-06-01T12:11:42","modified_gmt":"2022-06-01T10:11:42","slug":"m-m-jolly-pack","status":"publish","type":"product","link":"https:\/\/mm-kemperprofiles.com\/fr\/profile\/m-m-jolly-pack\/","title":{"rendered":"M-M Jolly Pack"},"content":{"rendered":"","protected":false},"excerpt":{"rendered":"<p>Le Jolly Pack est une fantastique collection de profils qui comprend 36 rigs s\u00e9lectionn\u00e9es \u00e0 partir de divers amplis.<br \/>\nSi vous avez besoin de sons de guitare professionnels et que vous ne voulez pas perdre de temps \u00e0 les choisir parmi des centaines de profils, ce pack est fait pour vous!<\/p>\n","protected":false},"featured_media":1989,"comment_status":"open","ping_status":"closed","template":"","meta":{"_acf_changed":false},"product_brand":[],"product_cat":[92],"product_tag":[],"class_list":{"0":"post-1987","1":"product","2":"type-product","3":"status-publish","4":"has-post-thumbnail","6":"product_cat-misc","8":"first","9":"instock","10":"downloadable","11":"virtual","12":"sold-individually","13":"purchasable","14":"product-type-simple"},"acf":[],"yoast_head":"<!-- This site is optimized with the Yoast SEO plugin v27.5 - https:\/\/yoast.com\/product\/yoast-seo-wordpress\/ -->\n<title>M-M Jolly Pack - M-M Kemper Profiles<\/title>\n<meta name=\"description\" content=\"M-M Jolly Pack - Professional Studio Kemper Profiles and Tonex Captures, featuring Fender, Marshall, Mesa Boogie, Orange, Bogner, Kitty Hawk, Davoli and more!\" \/>\n<meta name=\"robots\" content=\"index, follow, max-snippet:-1, max-image-preview:large, max-video-preview:-1\" \/>\n<link rel=\"canonical\" href=\"https:\/\/mm-kemperprofiles.com\/fr\/profile\/m-m-jolly-pack\/\" \/>\n<meta property=\"og:locale\" content=\"fr_FR\" \/>\n<meta property=\"og:type\" content=\"article\" \/>\n<meta property=\"og:title\" content=\"M-M Jolly Pack - M-M Kemper Profiles\" \/>\n<meta property=\"og:description\" content=\"M-M Jolly Pack - Professional Studio Kemper Profiles and Tonex Captures, featuring Fender, Marshall, Mesa Boogie, Orange, Bogner, Kitty Hawk, Davoli and more!\" \/>\n<meta property=\"og:url\" content=\"https:\/\/mm-kemperprofiles.com\/fr\/profile\/m-m-jolly-pack\/\" \/>\n<meta property=\"og:site_name\" content=\"M-M Kemper Profiles\" \/>\n<meta property=\"article:publisher\" content=\"https:\/\/www.facebook.com\/mmkemperprofiles\" \/>\n<meta property=\"article:modified_time\" content=\"2022-06-01T10:11:42+00:00\" \/>\n<meta property=\"og:image\" content=\"https:\/\/mm-kemperprofiles.com\/wp-content\/uploads\/2022\/03\/M-M_Jolly_Pack.png\" \/>\n\t<meta property=\"og:image:width\" content=\"800\" \/>\n\t<meta property=\"og:image:height\" content=\"800\" \/>\n\t<meta property=\"og:image:type\" content=\"image\/png\" \/>\n<meta name=\"twitter:card\" content=\"summary_large_image\" \/>\n<meta name=\"twitter:site\" content=\"@MarcoMarchionn9\" \/>\n<meta name=\"twitter:label1\" content=\"Prix\" \/>\n\t<meta name=\"twitter:data1\" content=\"&euro;30,00\" \/>\n\t<meta name=\"twitter:label2\" content=\"Disponibilit\u00e9\" \/>\n\t<meta name=\"twitter:data2\" content=\"En stock\" \/>\n<script type=\"application\/ld+json\" class=\"yoast-schema-graph\">{\"@context\":\"https:\\\/\\\/schema.org\",\"@graph\":[{\"@type\":\"WebPage\",\"@id\":\"https:\\\/\\\/mm-kemperprofiles.com\\\/fr\\\/profile\\\/m-m-jolly-pack\\\/\",\"url\":\"https:\\\/\\\/mm-kemperprofiles.com\\\/fr\\\/profile\\\/m-m-jolly-pack\\\/\",\"name\":\"M-M Jolly Pack - M-M Kemper Profiles\",\"isPartOf\":{\"@id\":\"https:\\\/\\\/mm-kemperprofiles.com\\\/fr\\\/#website\"},\"primaryImageOfPage\":{\"@id\":\"https:\\\/\\\/mm-kemperprofiles.com\\\/fr\\\/profile\\\/m-m-jolly-pack\\\/#primaryimage\"},\"image\":{\"@id\":\"https:\\\/\\\/mm-kemperprofiles.com\\\/profile\\\/m-m-jolly-pack\\\/#primaryimage\"},\"thumbnailUrl\":\"https:\\\/\\\/mm-kemperprofiles.com\\\/wp-content\\\/uploads\\\/2022\\\/03\\\/M-M_Jolly_Pack.png\",\"datePublished\":\"2022-03-16T10:54:07+00:00\",\"dateModified\":\"2022-06-01T10:11:42+00:00\",\"description\":\"M-M Jolly Pack - Professional Studio Kemper Profiles and Tonex Captures, featuring Fender, Marshall, Mesa Boogie, Orange, Bogner, Kitty Hawk, Davoli and more!\",\"breadcrumb\":{\"@id\":\"https:\\\/\\\/mm-kemperprofiles.com\\\/fr\\\/profile\\\/m-m-jolly-pack\\\/#breadcrumb\"},\"inLanguage\":\"fr-FR\",\"potentialAction\":[{\"@type\":\"ReadAction\",\"target\":[[\"https:\\\/\\\/mm-kemperprofiles.com\\\/fr\\\/profile\\\/m-m-jolly-pack\\\/\"]]}]},{\"@type\":\"ImageObject\",\"inLanguage\":\"fr-FR\",\"@id\":\"https:\\\/\\\/mm-kemperprofiles.com\\\/fr\\\/profile\\\/m-m-jolly-pack\\\/#primaryimage\",\"url\":\"https:\\\/\\\/mm-kemperprofiles.com\\\/wp-content\\\/uploads\\\/2022\\\/03\\\/M-M_Jolly_Pack.png\",\"contentUrl\":\"https:\\\/\\\/mm-kemperprofiles.com\\\/wp-content\\\/uploads\\\/2022\\\/03\\\/M-M_Jolly_Pack.png\",\"width\":800,\"height\":800,\"caption\":\"M-M Jolly Pack\"},{\"@type\":\"BreadcrumbList\",\"@id\":\"https:\\\/\\\/mm-kemperprofiles.com\\\/fr\\\/profile\\\/m-m-jolly-pack\\\/#breadcrumb\",\"itemListElement\":[{\"@type\":\"ListItem\",\"position\":1,\"name\":\"Home\",\"item\":\"https:\\\/\\\/mm-kemperprofiles.com\\\/fr\\\/\"},{\"@type\":\"ListItem\",\"position\":2,\"name\":\"Shop\",\"item\":\"https:\\\/\\\/mm-kemperprofiles.com\\\/fr\\\/shop\\\/\"},{\"@type\":\"ListItem\",\"position\":3,\"name\":\"M-M Jolly Pack\"}]},{\"@type\":\"WebSite\",\"@id\":\"https:\\\/\\\/mm-kemperprofiles.com\\\/fr\\\/#website\",\"url\":\"https:\\\/\\\/mm-kemperprofiles.com\\\/fr\\\/\",\"name\":\"M-M Kemper Profiles\",\"description\":\"Professional Studio Kemper Profiles\",\"publisher\":{\"@id\":\"https:\\\/\\\/mm-kemperprofiles.com\\\/fr\\\/#organization\"},\"potentialAction\":[{\"@type\":\"SearchAction\",\"target\":{\"@type\":\"EntryPoint\",\"urlTemplate\":\"https:\\\/\\\/mm-kemperprofiles.com\\\/fr\\\/?s={search_term_string}\"},\"query-input\":{\"@type\":\"PropertyValueSpecification\",\"valueRequired\":true,\"valueName\":\"search_term_string\"}}],\"inLanguage\":\"fr-FR\"},{\"@type\":\"Organization\",\"@id\":\"https:\\\/\\\/mm-kemperprofiles.com\\\/fr\\\/#organization\",\"name\":\"M-M Kemper Profiles\",\"url\":\"https:\\\/\\\/mm-kemperprofiles.com\\\/fr\\\/\",\"logo\":{\"@type\":\"ImageObject\",\"inLanguage\":\"fr-FR\",\"@id\":\"https:\\\/\\\/mm-kemperprofiles.com\\\/fr\\\/#\\\/schema\\\/logo\\\/image\\\/\",\"url\":\"https:\\\/\\\/mm-kemperprofiles.com\\\/wp-content\\\/uploads\\\/2020\\\/09\\\/kemper-profiles-small.png\",\"contentUrl\":\"https:\\\/\\\/mm-kemperprofiles.com\\\/wp-content\\\/uploads\\\/2020\\\/09\\\/kemper-profiles-small.png\",\"width\":300,\"height\":300,\"caption\":\"M-M Kemper Profiles\"},\"image\":{\"@id\":\"https:\\\/\\\/mm-kemperprofiles.com\\\/fr\\\/#\\\/schema\\\/logo\\\/image\\\/\"},\"sameAs\":[\"https:\\\/\\\/www.facebook.com\\\/mmkemperprofiles\",\"https:\\\/\\\/x.com\\\/MarcoMarchionn9\",\"https:\\\/\\\/instagram.com\\\/mm.kemper.profiles\",\"https:\\\/\\\/www.youtube.com\\\/@MMKemperProfiles\"]}]}<\/script>\n<meta property=\"product:price:amount\" content=\"30.00\" \/>\n<meta property=\"product:price:currency\" content=\"EUR\" \/>\n<meta property=\"og:availability\" content=\"instock\" \/>\n<meta property=\"product:availability\" content=\"instock\" \/>\n<meta property=\"product:retailer_item_id\" content=\"KP-JOLLYPACK\" \/>\n<meta property=\"product:condition\" content=\"new\" \/>\n<!-- \/ Yoast SEO plugin. -->","yoast_head_json":{"title":"M-M Jolly Pack - M-M Kemper Profiles","description":"M-M Jolly Pack - Professional Studio Kemper Profiles and Tonex Captures, featuring Fender, Marshall, Mesa Boogie, Orange, Bogner, Kitty Hawk, Davoli and more!","robots":{"index":"index","follow":"follow","max-snippet":"max-snippet:-1","max-image-preview":"max-image-preview:large","max-video-preview":"max-video-preview:-1"},"canonical":"https:\/\/mm-kemperprofiles.com\/fr\/profile\/m-m-jolly-pack\/","og_locale":"fr_FR","og_type":"article","og_title":"M-M Jolly Pack - M-M Kemper Profiles","og_description":"M-M Jolly Pack - Professional Studio Kemper Profiles and Tonex Captures, featuring Fender, Marshall, Mesa Boogie, Orange, Bogner, Kitty Hawk, Davoli and more!","og_url":"https:\/\/mm-kemperprofiles.com\/fr\/profile\/m-m-jolly-pack\/","og_site_name":"M-M Kemper Profiles","article_publisher":"https:\/\/www.facebook.com\/mmkemperprofiles","article_modified_time":"2022-06-01T10:11:42+00:00","og_image":[{"width":800,"height":800,"url":"https:\/\/mm-kemperprofiles.com\/wp-content\/uploads\/2022\/03\/M-M_Jolly_Pack.png","type":"image\/png"}],"twitter_card":"summary_large_image","twitter_site":"@MarcoMarchionn9","twitter_misc":{"Prix":"&euro;30,00","Disponibilit\u00e9":"En stock"},"schema":{"@context":"https:\/\/schema.org","@graph":[{"@type":"WebPage","@id":"https:\/\/mm-kemperprofiles.com\/fr\/profile\/m-m-jolly-pack\/","url":"https:\/\/mm-kemperprofiles.com\/fr\/profile\/m-m-jolly-pack\/","name":"M-M Jolly Pack - M-M Kemper Profiles","isPartOf":{"@id":"https:\/\/mm-kemperprofiles.com\/fr\/#website"},"primaryImageOfPage":{"@id":"https:\/\/mm-kemperprofiles.com\/fr\/profile\/m-m-jolly-pack\/#primaryimage"},"image":{"@id":"https:\/\/mm-kemperprofiles.com\/profile\/m-m-jolly-pack\/#primaryimage"},"thumbnailUrl":"https:\/\/mm-kemperprofiles.com\/wp-content\/uploads\/2022\/03\/M-M_Jolly_Pack.png","datePublished":"2022-03-16T10:54:07+00:00","dateModified":"2022-06-01T10:11:42+00:00","description":"M-M Jolly Pack - Professional Studio Kemper Profiles and Tonex Captures, featuring Fender, Marshall, Mesa Boogie, Orange, Bogner, Kitty Hawk, Davoli and more!","breadcrumb":{"@id":"https:\/\/mm-kemperprofiles.com\/fr\/profile\/m-m-jolly-pack\/#breadcrumb"},"inLanguage":"fr-FR","potentialAction":[{"@type":"ReadAction","target":[["https:\/\/mm-kemperprofiles.com\/fr\/profile\/m-m-jolly-pack\/"]]}]},{"@type":"ImageObject","inLanguage":"fr-FR","@id":"https:\/\/mm-kemperprofiles.com\/fr\/profile\/m-m-jolly-pack\/#primaryimage","url":"https:\/\/mm-kemperprofiles.com\/wp-content\/uploads\/2022\/03\/M-M_Jolly_Pack.png","contentUrl":"https:\/\/mm-kemperprofiles.com\/wp-content\/uploads\/2022\/03\/M-M_Jolly_Pack.png","width":800,"height":800,"caption":"M-M Jolly Pack"},{"@type":"BreadcrumbList","@id":"https:\/\/mm-kemperprofiles.com\/fr\/profile\/m-m-jolly-pack\/#breadcrumb","itemListElement":[{"@type":"ListItem","position":1,"name":"Home","item":"https:\/\/mm-kemperprofiles.com\/fr\/"},{"@type":"ListItem","position":2,"name":"Shop","item":"https:\/\/mm-kemperprofiles.com\/fr\/shop\/"},{"@type":"ListItem","position":3,"name":"M-M Jolly Pack"}]},{"@type":"WebSite","@id":"https:\/\/mm-kemperprofiles.com\/fr\/#website","url":"https:\/\/mm-kemperprofiles.com\/fr\/","name":"M-M Kemper Profiles","description":"Professional Studio Kemper Profiles","publisher":{"@id":"https:\/\/mm-kemperprofiles.com\/fr\/#organization"},"potentialAction":[{"@type":"SearchAction","target":{"@type":"EntryPoint","urlTemplate":"https:\/\/mm-kemperprofiles.com\/fr\/?s={search_term_string}"},"query-input":{"@type":"PropertyValueSpecification","valueRequired":true,"valueName":"search_term_string"}}],"inLanguage":"fr-FR"},{"@type":"Organization","@id":"https:\/\/mm-kemperprofiles.com\/fr\/#organization","name":"M-M Kemper Profiles","url":"https:\/\/mm-kemperprofiles.com\/fr\/","logo":{"@type":"ImageObject","inLanguage":"fr-FR","@id":"https:\/\/mm-kemperprofiles.com\/fr\/#\/schema\/logo\/image\/","url":"https:\/\/mm-kemperprofiles.com\/wp-content\/uploads\/2020\/09\/kemper-profiles-small.png","contentUrl":"https:\/\/mm-kemperprofiles.com\/wp-content\/uploads\/2020\/09\/kemper-profiles-small.png","width":300,"height":300,"caption":"M-M Kemper Profiles"},"image":{"@id":"https:\/\/mm-kemperprofiles.com\/fr\/#\/schema\/logo\/image\/"},"sameAs":["https:\/\/www.facebook.com\/mmkemperprofiles","https:\/\/x.com\/MarcoMarchionn9","https:\/\/instagram.com\/mm.kemper.profiles","https:\/\/www.youtube.com\/@MMKemperProfiles"]}]},"product_price_amount":"30.00","product_price_currency":"EUR","og_availability":"instock","product_availability":"instock","product_retailer_item_id":"KP-JOLLYPACK","product_condition":"new"},"_links":{"self":[{"href":"https:\/\/mm-kemperprofiles.com\/fr\/wp-json\/wp\/v2\/product\/1987","targetHints":{"allow":["GET"]}}],"collection":[{"href":"https:\/\/mm-kemperprofiles.com\/fr\/wp-json\/wp\/v2\/product"}],"about":[{"href":"https:\/\/mm-kemperprofiles.com\/fr\/wp-json\/wp\/v2\/types\/product"}],"replies":[{"embeddable":true,"href":"https:\/\/mm-kemperprofiles.com\/fr\/wp-json\/wp\/v2\/comments?post=1987"}],"wp:featuredmedia":[{"embeddable":true,"href":"https:\/\/mm-kemperprofiles.com\/fr\/wp-json\/wp\/v2\/media\/1989"}],"wp:attachment":[{"href":"https:\/\/mm-kemperprofiles.com\/fr\/wp-json\/wp\/v2\/media?parent=1987"}],"wp:term":[{"taxonomy":"product_brand","embeddable":true,"href":"https:\/\/mm-kemperprofiles.com\/fr\/wp-json\/wp\/v2\/product_brand?post=1987"},{"taxonomy":"product_cat","embeddable":true,"href":"https:\/\/mm-kemperprofiles.com\/fr\/wp-json\/wp\/v2\/product_cat?post=1987"},{"taxonomy":"product_tag","embeddable":true,"href":"https:\/\/mm-kemperprofiles.com\/fr\/wp-json\/wp\/v2\/product_tag?post=1987"}],"curies":[{"name":"wp","href":"https:\/\/api.w.org\/{rel}","templated":true}]}}