{"id":1757,"date":"2021-12-06T12:32:04","date_gmt":"2021-12-06T11:32:04","guid":{"rendered":"https:\/\/mm-kemperprofiles.com\/?post_type=product&#038;p=1757"},"modified":"2026-04-16T11:30:23","modified_gmt":"2026-04-16T09:30:23","slug":"rivera-bonehead-profile-pack","status":"publish","type":"product","link":"https:\/\/mm-kemperprofiles.com\/fr\/profile\/rivera-bonehead-profile-pack\/","title":{"rendered":"Rivera BoneHead Profile Pack"},"content":{"rendered":"<p><iframe loading=\"lazy\" title=\"YouTube video player\" src=\"https:\/\/www.youtube-nocookie.com\/embed\/QM-TplMQxU8\" width=\"560\" height=\"315\" frameborder=\"0\" allowfullscreen=\"allowfullscreen\"><span data-mce-type=\"bookmark\" style=\"display: inline-block; width: 0px; overflow: hidden; line-height: 0;\" class=\"mce_SELRES_start\">\ufeff<\/span><\/iframe><\/p>","protected":false},"excerpt":{"rendered":"<p>Le pack Rivera BoneHead contient 31 profils spectaculaires r\u00e9alis\u00e9s professionnellement en studio, dont 5 merged avec des Cab Bogner 4\u00d712 Custom Shop. Les sons de ce merveilleux amplificateur vont du Clean \u00e0 l\u2019Overdrive et ont \u00e9t\u00e9 obtenus profilant \u00e9galement 4 p\u00e9dales d\u2019overdrive:<\/p>\n<ul>\n<li>Klon KTR (2010)<\/li>\n<li>JHS AT+<\/li>\n<li>Ko Sound Fuzz<\/li>\n<li>Tech 21 TRI O.D.<\/li>\n<\/ul>\n<p>Un must!<br \/>\nLes profils sonnent parfaitement avec des guitares \u00e9quip\u00e9es d\u2019humbucker ou de simple bobinage.<\/p>\n","protected":false},"featured_media":1760,"comment_status":"open","ping_status":"closed","template":"","meta":{"_acf_changed":false},"product_brand":[],"product_cat":[16],"product_tag":[75,50,64,86],"class_list":{"0":"post-1757","1":"product","2":"type-product","3":"status-publish","4":"has-post-thumbnail","6":"product_cat-kemper-profiles","7":"product_tag-boutique-amp","8":"product_tag-fender","9":"product_tag-mesa-boogie","10":"product_tag-rivera","12":"first","13":"instock","14":"downloadable","15":"virtual","16":"sold-individually","17":"purchasable","18":"product-type-simple"},"acf":[],"yoast_head":"<!-- This site is optimized with the Yoast SEO plugin v27.4 - https:\/\/yoast.com\/product\/yoast-seo-wordpress\/ -->\n<title>Rivera BoneHead Profile Pack - M-M Kemper Profiles<\/title>\n<meta name=\"description\" content=\"Rivera BoneHead Profile Pack - Professional Studio Kemper Profiles and Tonex Captures, featuring Fender, Marshall, Mesa Boogie, Orange, Bogner, Kitty Hawk, Davoli and more!\" \/>\n<meta name=\"robots\" content=\"index, follow, max-snippet:-1, max-image-preview:large, max-video-preview:-1\" \/>\n<link rel=\"canonical\" href=\"https:\/\/mm-kemperprofiles.com\/fr\/profile\/rivera-bonehead-profile-pack\/\" \/>\n<meta property=\"og:locale\" content=\"fr_FR\" \/>\n<meta property=\"og:type\" content=\"article\" \/>\n<meta property=\"og:title\" content=\"Rivera BoneHead Profile Pack - M-M Kemper Profiles\" \/>\n<meta property=\"og:description\" content=\"Rivera BoneHead Profile Pack - Professional Studio Kemper Profiles and Tonex Captures, featuring Fender, Marshall, Mesa Boogie, Orange, Bogner, Kitty Hawk, Davoli and more!\" \/>\n<meta property=\"og:url\" content=\"https:\/\/mm-kemperprofiles.com\/fr\/profile\/rivera-bonehead-profile-pack\/\" \/>\n<meta property=\"og:site_name\" content=\"M-M Kemper Profiles\" \/>\n<meta property=\"article:publisher\" content=\"https:\/\/www.facebook.com\/mmkemperprofiles\" \/>\n<meta property=\"article:modified_time\" content=\"2026-04-16T09:30:23+00:00\" \/>\n<meta property=\"og:image\" content=\"https:\/\/mm-kemperprofiles.com\/wp-content\/uploads\/2021\/12\/M-M_Rivera_BoneHead_Profile_Pack.png\" \/>\n\t<meta property=\"og:image:width\" content=\"800\" \/>\n\t<meta property=\"og:image:height\" content=\"800\" \/>\n\t<meta property=\"og:image:type\" content=\"image\/png\" \/>\n<meta name=\"twitter:card\" content=\"summary_large_image\" \/>\n<meta name=\"twitter:site\" content=\"@MarcoMarchionn9\" \/>\n<meta name=\"twitter:label1\" content=\"Prix\" \/>\n\t<meta name=\"twitter:data1\" content=\"&euro;12,00\" \/>\n\t<meta name=\"twitter:label2\" content=\"Disponibilit\u00e9\" \/>\n\t<meta name=\"twitter:data2\" content=\"En stock\" \/>\n<script type=\"application\/ld+json\" class=\"yoast-schema-graph\">{\"@context\":\"https:\\\/\\\/schema.org\",\"@graph\":[{\"@type\":\"WebPage\",\"@id\":\"https:\\\/\\\/mm-kemperprofiles.com\\\/fr\\\/profile\\\/rivera-bonehead-profile-pack\\\/\",\"url\":\"https:\\\/\\\/mm-kemperprofiles.com\\\/fr\\\/profile\\\/rivera-bonehead-profile-pack\\\/\",\"name\":\"Rivera BoneHead Profile Pack - M-M Kemper Profiles\",\"isPartOf\":{\"@id\":\"https:\\\/\\\/mm-kemperprofiles.com\\\/fr\\\/#website\"},\"primaryImageOfPage\":{\"@id\":\"https:\\\/\\\/mm-kemperprofiles.com\\\/fr\\\/profile\\\/rivera-bonehead-profile-pack\\\/#primaryimage\"},\"image\":{\"@id\":\"https:\\\/\\\/mm-kemperprofiles.com\\\/profile\\\/rivera-bonehead-profile-pack\\\/#primaryimage\"},\"thumbnailUrl\":\"https:\\\/\\\/mm-kemperprofiles.com\\\/wp-content\\\/uploads\\\/2021\\\/12\\\/M-M_Rivera_BoneHead_Profile_Pack.png\",\"datePublished\":\"2021-12-06T11:32:04+00:00\",\"dateModified\":\"2026-04-16T09:30:23+00:00\",\"description\":\"Rivera BoneHead Profile Pack - Professional Studio Kemper Profiles and Tonex Captures, featuring Fender, Marshall, Mesa Boogie, Orange, Bogner, Kitty Hawk, Davoli and more!\",\"breadcrumb\":{\"@id\":\"https:\\\/\\\/mm-kemperprofiles.com\\\/fr\\\/profile\\\/rivera-bonehead-profile-pack\\\/#breadcrumb\"},\"inLanguage\":\"fr-FR\",\"potentialAction\":[{\"@type\":\"ReadAction\",\"target\":[[\"https:\\\/\\\/mm-kemperprofiles.com\\\/fr\\\/profile\\\/rivera-bonehead-profile-pack\\\/\"]]}]},{\"@type\":\"ImageObject\",\"inLanguage\":\"fr-FR\",\"@id\":\"https:\\\/\\\/mm-kemperprofiles.com\\\/fr\\\/profile\\\/rivera-bonehead-profile-pack\\\/#primaryimage\",\"url\":\"https:\\\/\\\/mm-kemperprofiles.com\\\/wp-content\\\/uploads\\\/2021\\\/12\\\/M-M_Rivera_BoneHead_Profile_Pack.png\",\"contentUrl\":\"https:\\\/\\\/mm-kemperprofiles.com\\\/wp-content\\\/uploads\\\/2021\\\/12\\\/M-M_Rivera_BoneHead_Profile_Pack.png\",\"width\":800,\"height\":800,\"caption\":\"Rivera BoneHead Profile Pack\"},{\"@type\":\"BreadcrumbList\",\"@id\":\"https:\\\/\\\/mm-kemperprofiles.com\\\/fr\\\/profile\\\/rivera-bonehead-profile-pack\\\/#breadcrumb\",\"itemListElement\":[{\"@type\":\"ListItem\",\"position\":1,\"name\":\"Home\",\"item\":\"https:\\\/\\\/mm-kemperprofiles.com\\\/fr\\\/\"},{\"@type\":\"ListItem\",\"position\":2,\"name\":\"Shop\",\"item\":\"https:\\\/\\\/mm-kemperprofiles.com\\\/fr\\\/shop\\\/\"},{\"@type\":\"ListItem\",\"position\":3,\"name\":\"Rivera BoneHead Profile Pack\"}]},{\"@type\":\"WebSite\",\"@id\":\"https:\\\/\\\/mm-kemperprofiles.com\\\/fr\\\/#website\",\"url\":\"https:\\\/\\\/mm-kemperprofiles.com\\\/fr\\\/\",\"name\":\"M-M Kemper Profiles\",\"description\":\"Professional Studio Kemper Profiles\",\"publisher\":{\"@id\":\"https:\\\/\\\/mm-kemperprofiles.com\\\/fr\\\/#organization\"},\"potentialAction\":[{\"@type\":\"SearchAction\",\"target\":{\"@type\":\"EntryPoint\",\"urlTemplate\":\"https:\\\/\\\/mm-kemperprofiles.com\\\/fr\\\/?s={search_term_string}\"},\"query-input\":{\"@type\":\"PropertyValueSpecification\",\"valueRequired\":true,\"valueName\":\"search_term_string\"}}],\"inLanguage\":\"fr-FR\"},{\"@type\":\"Organization\",\"@id\":\"https:\\\/\\\/mm-kemperprofiles.com\\\/fr\\\/#organization\",\"name\":\"M-M Kemper Profiles\",\"url\":\"https:\\\/\\\/mm-kemperprofiles.com\\\/fr\\\/\",\"logo\":{\"@type\":\"ImageObject\",\"inLanguage\":\"fr-FR\",\"@id\":\"https:\\\/\\\/mm-kemperprofiles.com\\\/fr\\\/#\\\/schema\\\/logo\\\/image\\\/\",\"url\":\"https:\\\/\\\/mm-kemperprofiles.com\\\/wp-content\\\/uploads\\\/2020\\\/09\\\/kemper-profiles-small.png\",\"contentUrl\":\"https:\\\/\\\/mm-kemperprofiles.com\\\/wp-content\\\/uploads\\\/2020\\\/09\\\/kemper-profiles-small.png\",\"width\":300,\"height\":300,\"caption\":\"M-M Kemper Profiles\"},\"image\":{\"@id\":\"https:\\\/\\\/mm-kemperprofiles.com\\\/fr\\\/#\\\/schema\\\/logo\\\/image\\\/\"},\"sameAs\":[\"https:\\\/\\\/www.facebook.com\\\/mmkemperprofiles\",\"https:\\\/\\\/x.com\\\/MarcoMarchionn9\",\"https:\\\/\\\/instagram.com\\\/mm.kemper.profiles\",\"https:\\\/\\\/www.youtube.com\\\/@MMKemperProfiles\"]}]}<\/script>\n<meta property=\"product:price:amount\" content=\"12.00\" \/>\n<meta property=\"product:price:currency\" content=\"EUR\" \/>\n<meta property=\"og:availability\" content=\"instock\" \/>\n<meta property=\"product:availability\" content=\"instock\" \/>\n<meta property=\"product:retailer_item_id\" content=\"KP-RIVERABONEHEAD\" \/>\n<meta property=\"product:condition\" content=\"new\" \/>\n<!-- \/ Yoast SEO plugin. -->","yoast_head_json":{"title":"Rivera BoneHead Profile Pack - M-M Kemper Profiles","description":"Rivera BoneHead Profile Pack - Professional Studio Kemper Profiles and Tonex Captures, featuring Fender, Marshall, Mesa Boogie, Orange, Bogner, Kitty Hawk, Davoli and more!","robots":{"index":"index","follow":"follow","max-snippet":"max-snippet:-1","max-image-preview":"max-image-preview:large","max-video-preview":"max-video-preview:-1"},"canonical":"https:\/\/mm-kemperprofiles.com\/fr\/profile\/rivera-bonehead-profile-pack\/","og_locale":"fr_FR","og_type":"article","og_title":"Rivera BoneHead Profile Pack - M-M Kemper Profiles","og_description":"Rivera BoneHead Profile Pack - Professional Studio Kemper Profiles and Tonex Captures, featuring Fender, Marshall, Mesa Boogie, Orange, Bogner, Kitty Hawk, Davoli and more!","og_url":"https:\/\/mm-kemperprofiles.com\/fr\/profile\/rivera-bonehead-profile-pack\/","og_site_name":"M-M Kemper Profiles","article_publisher":"https:\/\/www.facebook.com\/mmkemperprofiles","article_modified_time":"2026-04-16T09:30:23+00:00","og_image":[{"width":800,"height":800,"url":"https:\/\/mm-kemperprofiles.com\/wp-content\/uploads\/2021\/12\/M-M_Rivera_BoneHead_Profile_Pack.png","type":"image\/png"}],"twitter_card":"summary_large_image","twitter_site":"@MarcoMarchionn9","twitter_misc":{"Prix":"&euro;12,00","Disponibilit\u00e9":"En stock"},"schema":{"@context":"https:\/\/schema.org","@graph":[{"@type":"WebPage","@id":"https:\/\/mm-kemperprofiles.com\/fr\/profile\/rivera-bonehead-profile-pack\/","url":"https:\/\/mm-kemperprofiles.com\/fr\/profile\/rivera-bonehead-profile-pack\/","name":"Rivera BoneHead Profile Pack - M-M Kemper Profiles","isPartOf":{"@id":"https:\/\/mm-kemperprofiles.com\/fr\/#website"},"primaryImageOfPage":{"@id":"https:\/\/mm-kemperprofiles.com\/fr\/profile\/rivera-bonehead-profile-pack\/#primaryimage"},"image":{"@id":"https:\/\/mm-kemperprofiles.com\/profile\/rivera-bonehead-profile-pack\/#primaryimage"},"thumbnailUrl":"https:\/\/mm-kemperprofiles.com\/wp-content\/uploads\/2021\/12\/M-M_Rivera_BoneHead_Profile_Pack.png","datePublished":"2021-12-06T11:32:04+00:00","dateModified":"2026-04-16T09:30:23+00:00","description":"Rivera BoneHead Profile Pack - Professional Studio Kemper Profiles and Tonex Captures, featuring Fender, Marshall, Mesa Boogie, Orange, Bogner, Kitty Hawk, Davoli and more!","breadcrumb":{"@id":"https:\/\/mm-kemperprofiles.com\/fr\/profile\/rivera-bonehead-profile-pack\/#breadcrumb"},"inLanguage":"fr-FR","potentialAction":[{"@type":"ReadAction","target":[["https:\/\/mm-kemperprofiles.com\/fr\/profile\/rivera-bonehead-profile-pack\/"]]}]},{"@type":"ImageObject","inLanguage":"fr-FR","@id":"https:\/\/mm-kemperprofiles.com\/fr\/profile\/rivera-bonehead-profile-pack\/#primaryimage","url":"https:\/\/mm-kemperprofiles.com\/wp-content\/uploads\/2021\/12\/M-M_Rivera_BoneHead_Profile_Pack.png","contentUrl":"https:\/\/mm-kemperprofiles.com\/wp-content\/uploads\/2021\/12\/M-M_Rivera_BoneHead_Profile_Pack.png","width":800,"height":800,"caption":"Rivera BoneHead Profile Pack"},{"@type":"BreadcrumbList","@id":"https:\/\/mm-kemperprofiles.com\/fr\/profile\/rivera-bonehead-profile-pack\/#breadcrumb","itemListElement":[{"@type":"ListItem","position":1,"name":"Home","item":"https:\/\/mm-kemperprofiles.com\/fr\/"},{"@type":"ListItem","position":2,"name":"Shop","item":"https:\/\/mm-kemperprofiles.com\/fr\/shop\/"},{"@type":"ListItem","position":3,"name":"Rivera BoneHead Profile Pack"}]},{"@type":"WebSite","@id":"https:\/\/mm-kemperprofiles.com\/fr\/#website","url":"https:\/\/mm-kemperprofiles.com\/fr\/","name":"M-M Kemper Profiles","description":"Professional Studio Kemper Profiles","publisher":{"@id":"https:\/\/mm-kemperprofiles.com\/fr\/#organization"},"potentialAction":[{"@type":"SearchAction","target":{"@type":"EntryPoint","urlTemplate":"https:\/\/mm-kemperprofiles.com\/fr\/?s={search_term_string}"},"query-input":{"@type":"PropertyValueSpecification","valueRequired":true,"valueName":"search_term_string"}}],"inLanguage":"fr-FR"},{"@type":"Organization","@id":"https:\/\/mm-kemperprofiles.com\/fr\/#organization","name":"M-M Kemper Profiles","url":"https:\/\/mm-kemperprofiles.com\/fr\/","logo":{"@type":"ImageObject","inLanguage":"fr-FR","@id":"https:\/\/mm-kemperprofiles.com\/fr\/#\/schema\/logo\/image\/","url":"https:\/\/mm-kemperprofiles.com\/wp-content\/uploads\/2020\/09\/kemper-profiles-small.png","contentUrl":"https:\/\/mm-kemperprofiles.com\/wp-content\/uploads\/2020\/09\/kemper-profiles-small.png","width":300,"height":300,"caption":"M-M Kemper Profiles"},"image":{"@id":"https:\/\/mm-kemperprofiles.com\/fr\/#\/schema\/logo\/image\/"},"sameAs":["https:\/\/www.facebook.com\/mmkemperprofiles","https:\/\/x.com\/MarcoMarchionn9","https:\/\/instagram.com\/mm.kemper.profiles","https:\/\/www.youtube.com\/@MMKemperProfiles"]}]},"product_price_amount":"12.00","product_price_currency":"EUR","og_availability":"instock","product_availability":"instock","product_retailer_item_id":"KP-RIVERABONEHEAD","product_condition":"new"},"_links":{"self":[{"href":"https:\/\/mm-kemperprofiles.com\/fr\/wp-json\/wp\/v2\/product\/1757","targetHints":{"allow":["GET"]}}],"collection":[{"href":"https:\/\/mm-kemperprofiles.com\/fr\/wp-json\/wp\/v2\/product"}],"about":[{"href":"https:\/\/mm-kemperprofiles.com\/fr\/wp-json\/wp\/v2\/types\/product"}],"replies":[{"embeddable":true,"href":"https:\/\/mm-kemperprofiles.com\/fr\/wp-json\/wp\/v2\/comments?post=1757"}],"wp:featuredmedia":[{"embeddable":true,"href":"https:\/\/mm-kemperprofiles.com\/fr\/wp-json\/wp\/v2\/media\/1760"}],"wp:attachment":[{"href":"https:\/\/mm-kemperprofiles.com\/fr\/wp-json\/wp\/v2\/media?parent=1757"}],"wp:term":[{"taxonomy":"product_brand","embeddable":true,"href":"https:\/\/mm-kemperprofiles.com\/fr\/wp-json\/wp\/v2\/product_brand?post=1757"},{"taxonomy":"product_cat","embeddable":true,"href":"https:\/\/mm-kemperprofiles.com\/fr\/wp-json\/wp\/v2\/product_cat?post=1757"},{"taxonomy":"product_tag","embeddable":true,"href":"https:\/\/mm-kemperprofiles.com\/fr\/wp-json\/wp\/v2\/product_tag?post=1757"}],"curies":[{"name":"wp","href":"https:\/\/api.w.org\/{rel}","templated":true}]}}