{"id":327,"date":"2020-09-18T13:26:03","date_gmt":"2020-09-18T11:26:03","guid":{"rendered":"https:\/\/mm-kemperprofiles.com\/privacy-settings-page\/"},"modified":"2024-04-17T19:23:37","modified_gmt":"2024-04-17T17:23:37","slug":"privacy-settings-page","status":"publish","type":"page","link":"https:\/\/mm-kemperprofiles.com\/fr\/privacy-settings-page\/","title":{"rendered":"Param\u00e8tres de confidentialit\u00e9"},"content":{"rendered":"\n<div class=\"ct-ultimate-gdpr-container ct-ultimate-gdpr-my-account  ct-ultimate-gdpr-simple-form\">\n\n\t\n    <div id=\"tabs\">\n        <ul>\n                        <li>\n                <a href=\"#tabs-1\">\n\t\t\t\t\tAcc\u00e8s aux donn\u00e9es personnelles                <\/a>\n            <\/li>\n            <li>\n                <a href=\"#tabs-2\">\n\t\t\t\t\tDroit \u00e0 \u00eatre oubli\u00e9                <\/a>\n            <\/li>\n            <li>\n                <a href=\"#tabs-3\">\n\t\t\t\t\tRectification des donn\u00e9es                <\/a>\n            <\/li>\n\t\t\t                <li>\n                    <a href=\"#tabs-4\">\n\t\t\t\t\t\tSe d\u00e9sabonner                    <\/a>\n                <\/li>\n\t\t\t        <\/ul>\n\n        \n        <div id=\"tabs-1\">\n\n            <div class=\"ct-headerContent\">\n\t\t\t\tCi-dessous, vous pouvez demander que vos donn\u00e9es personnelles collect\u00e9es par ce site vous soient envoy\u00e9es par courrier \u00e9lectronique.            <\/div>\n\n            <form id=\"ct-ultimate-gdpr-data-access\" method=\"post\">\n                <label for=\"ct-ultimate-gdpr-email\">Email:<\/label>\n\t\t\t\t                    <input type=\"email\" name=\"ct-ultimate-gdpr-email\" value=\"\" required=\"\" id=\"ct-ultimate-gdpr-email\">\n\t\t\t\t                <label for=\"ct-ultimate-gdpr-consent-data-access\">\n                    <input type=\"checkbox\" id=\"ct-ultimate-gdpr-consent-data-access\"\n                           name=\"ct-ultimate-gdpr-consent-data-access\" required=\"\">\n                    <span class=\"ct-checkbox\"><\/span>\n\t\t\t\t\tJe consens \u00e0 ce que mon adresse de email soit collect\u00e9e afin de recevoir mes donn\u00e9es demand\u00e9es. Voir la page Politique de confidentialit\u00e9 pour plus d\u2019informations.                <\/label>\n\t\t\t\t\n\t\t\t\t\n                <input type=\"hidden\" name=\"ct-ultimate-gdpr-request-url\" value=\"https:\/\/mm-kemperprofiles.com\/fr\/privacy-settings-page\/\"\/>\n                <input type=\"submit\" name=\"ct-ultimate-gdpr-data-access-submit\"\n                       value=\"Envoyer\">\n\n            <\/form>\n        <\/div>\n\n        <div id=\"tabs-2\">\n            <div class=\"ct-headerContent\">\n                <p>Removal of your data will not limit in any way the system functionalities<\/p>                Ci-dessous, vous pouvez parcourir les services qui collectent vos donn\u00e9es personnelles sur ce site. V\u00e9rifiez les services que vous souhaitez \u00eatre oubli\u00e9 par. Cela enverra une demande \u00e0 l&#039;administrateur du site. Une fois cela fait, vous serez averti par email.            <\/div>\n\n            <form id=\"ct-ultimate-gdpr-forget\" method=\"post\">\n\n                <div class=\"ct-ultimate-gdpr-services-list\">\n\n\t\t\t\t\t                            <div class=\"ct-ultimate-gdpr-service-options\">\n                                <div class=\"ct-ultimate-gdpr-service-option\">\n                                    <input type=\"checkbox\" name=\"ct-ultimate-gdpr-service-forget[]\"\n                                           value=\"gravity_forms\">\n                                    <span class=\"ct-checkbox\"><\/span>\n                                <\/div>\n                                <div class=\"ct-ultimate-gdpr-service-details\">\n                                    <div class=\"ct-ultimate-gdpr-service-title\">Gravity Forms<\/div>\n                                    <div class=\"ct-ultimate-gdpr-service-description\">Gravity Forms raccoglie i dati inseriti dagli utenti in moduli<\/div>\n                                <\/div>\n                            <\/div>\n\n\n\t\t\t\t\t\t                            <div class=\"ct-ultimate-gdpr-service-options\">\n                                <div class=\"ct-ultimate-gdpr-service-option\">\n                                    <input type=\"checkbox\" name=\"ct-ultimate-gdpr-service-forget[]\"\n                                           value=\"woocommerce\">\n                                    <span class=\"ct-checkbox\"><\/span>\n                                <\/div>\n                                <div class=\"ct-ultimate-gdpr-service-details\">\n                                    <div class=\"ct-ultimate-gdpr-service-title\">WooCommerce<\/div>\n                                    <div class=\"ct-ultimate-gdpr-service-description\">WooCommerce raccoglie i dati inseriti dagli utenti negli ordini nel negozio<\/div>\n                                <\/div>\n                            <\/div>\n\n\n\t\t\t\t\t\t                            <div class=\"ct-ultimate-gdpr-service-options\">\n                                <div class=\"ct-ultimate-gdpr-service-option\">\n                                    <input type=\"checkbox\" name=\"ct-ultimate-gdpr-service-forget[]\"\n                                           value=\"wp_comments\">\n                                    <span class=\"ct-checkbox\"><\/span>\n                                <\/div>\n                                <div class=\"ct-ultimate-gdpr-service-details\">\n                                    <div class=\"ct-ultimate-gdpr-service-title\">WP Comments<\/div>\n                                    <div class=\"ct-ultimate-gdpr-service-description\">I Commenti WordPress sono dati inseriti dagli utenti nei commenti<\/div>\n                                <\/div>\n                            <\/div>\n\n\n\t\t\t\t\t\t                            <div class=\"ct-ultimate-gdpr-service-options\">\n                                <div class=\"ct-ultimate-gdpr-service-option\">\n                                    <input type=\"checkbox\" name=\"ct-ultimate-gdpr-service-forget[]\"\n                                           value=\"wp_posts\">\n                                    <span class=\"ct-checkbox\"><\/span>\n                                <\/div>\n                                <div class=\"ct-ultimate-gdpr-service-details\">\n                                    <div class=\"ct-ultimate-gdpr-service-title\">WordPress Posts<\/div>\n                                    <div class=\"ct-ultimate-gdpr-service-description\">Data autore WordPress Posts<\/div>\n                                <\/div>\n                            <\/div>\n\n\n\t\t\t\t\t\t                            <div class=\"ct-ultimate-gdpr-service-options\">\n                                <div class=\"ct-ultimate-gdpr-service-option\">\n                                    <input type=\"checkbox\" name=\"ct-ultimate-gdpr-service-forget[]\"\n                                           value=\"wp_user\">\n                                    <span class=\"ct-checkbox\"><\/span>\n                                <\/div>\n                                <div class=\"ct-ultimate-gdpr-service-details\">\n                                    <div class=\"ct-ultimate-gdpr-service-title\">WP Donn\u00e9es utilisateur<\/div>\n                                    <div class=\"ct-ultimate-gdpr-service-description\">Dati utente WordPress salvati come metadati utente nel database<\/div>\n                                <\/div>\n                            <\/div>\n\n\n\t\t\t\t\t\t\n\n                    <div class=\"ct-ultimate-gdpr-services-email\">\n\n                        <label for=\"ct-ultimate-gdpr-forget-email\">Email:<\/label>\n\t\t\t\t\t\t                            <input type=\"email\" name=\"ct-ultimate-gdpr-email\" value=\"\" required=\"\"\n                                   id=\"ct-ultimate-gdpr-forget-email\">\n\t\t\t\t\t\t                    <\/div>\n\n                    <label for=\"ct-ultimate-gdpr-consent-forget-me\">\n                        <input type=\"checkbox\" id=\"ct-ultimate-gdpr-consent-forget-me\"\n                               name=\"ct-ultimate-gdpr-consent-forget-me\" required=\"\">\n                        <span class=\"ct-checkbox\"><\/span>\n\t\t\t\t\t\tJe consens \u00e0 ce que mon adresse email soit collect\u00e9e afin de traiter cette demande. Voir la page Politique de confidentialit\u00e9 pour plus d&#039;informations.                    <\/label>\n\t\t\t\t\t\n\t\t\t\t\t\n                    <input type=\"hidden\" name=\"ct-ultimate-gdpr-request-url\" value=\"https:\/\/mm-kemperprofiles.com\/fr\/privacy-settings-page\/\"\/>\n                    <input type=\"submit\" class=\"ct-ultimate-gdpr-forget-submitBtn\" name=\"ct-ultimate-gdpr-forget-submit\"\n                           value=\"Envoyer\">\n\n\n                <\/div>\n\n            <\/form>\n        <\/div>\n\n        <div id=\"tabs-3\">\n            <div class=\"ct-headerContent\">\n\t\t\t\tCi-dessous, vous pouvez envoyer une demande de rectification de vos donn\u00e9es par l&#039;administrateur du site. Entrez ce que vous souhaitez \u00eatre rectifi\u00e9. Une fois cela fait, vous serez averti par email.            <\/div>\n\n            <form id=\"ct-ultimate-gdpr-rectification\" method=\"post\">\n\n                <div class=\"ct-ultimate-gdpr-services-email\">\n\n                    <label for=\"ct-ultimate-gdpr-rectification-data-current\" class=\"ct-u-display-block\">\n\t\t\t\t\t\tDonn\u00e9es actuelles                    <\/label>\n                    <textarea\n                            name=\"ct-ultimate-gdpr-rectification-data-current\"\n                            rows=\"5\"\n                            required\n                            id=\"ct-ultimate-gdpr-rectification-data-current\"\n                    ><\/textarea>\n\n                <\/div>\n\n                <div class=\"ct-ultimate-gdpr-services-email\">\n\n                    <label for=\"ct-ultimate-gdpr-rectification-data-rectified\" class=\"ct-u-display-block\">\n\t\t\t\t\t\tDonn\u00e9es rectifi\u00e9es                    <\/label>\n                    <textarea\n                            name=\"ct-ultimate-gdpr-rectification-data-rectified\"\n                            rows=\"5\"\n                            required\n                            id=\"ct-ultimate-gdpr-rectification-data-rectified\"\n                    ><\/textarea>\n\n                <\/div>\n\n                <div class=\"ct-ultimate-gdpr-services-email\">\n\n                    <label for=\"ct-ultimate-gdpr-rectify-email\">Email:<\/label>\n\t\t\t\t\t                        <input\n                                type=\"email\"\n                                name=\"ct-ultimate-gdpr-email\"\n                                value=\"\"\n                                required=\"\"\n                                id=\"ct-ultimate-gdpr-rectify-email\"\n                        >\n\t\t\t\t\t                <\/div>\n\n                <label for=\"ct-ultimate-gdpr-consent-data-rectification\">\n                    <input type=\"checkbox\" id=\"ct-ultimate-gdpr-consent-data-rectification\"\n                           name=\"ct-ultimate-gdpr-consent-data-rectification\" required=\"\">\n                    <span class=\"ct-checkbox ct-ultimate-gdpr-simple-form\"><\/span>\n\t\t\t\t\tJe consens \u00e0 ce que mon adresse email soit collect\u00e9e afin de traiter cette demande. Voir la page Politique de confidentialit\u00e9 pour plus d&#039;informations.                <\/label>\n\t\t\t\t\n\t\t\t\t\n                <input type=\"hidden\" name=\"ct-ultimate-gdpr-request-url\" value=\"https:\/\/mm-kemperprofiles.com\/fr\/privacy-settings-page\/\"\/>\n                <input type=\"submit\" class=\"ct-ultimate-gdpr-forget-submitBtn\"\n                       name=\"ct-ultimate-gdpr-rectification-submit\"\n                       value=\"Envoyer\">\n\n\n            <\/form>\n        <\/div>\n\t\t            <div id=\"tabs-4\">\n                <div class=\"ct-headerContent\">\n                    <p>Removal of your data will not limit in any way the system functionalities<\/p>                    Ci-dessous, vous pouvez parcourir les services qui inscrivent les utilisateurs aux newsletters. V\u00e9rifiez les services dont vous souhaitez vous d\u00e9sabonner. L&#039;abonnement s&#039;arr\u00eatera imm\u00e9diatement.                <\/div>\n                <form id=\"ct-ultimate-gdpr-unsubscribe\" method=\"post\">\n                    <div class=\"ct-ultimate-gdpr-services-list\">\n\t\t\t\t\t\t                                <div class=\"ct-ultimate-gdpr-service-options\">\n                                    <div class=\"ct-ultimate-gdpr-service-option\">\n                                        <input type=\"checkbox\" name=\"ct-ultimate-gdpr-service-unsubscribe[]\"\n                                               value=\"sell_personal_data\">\n                                        <span class=\"ct-checkbox\"><\/span>\n                                    <\/div>\n                                    <div class=\"ct-ultimate-gdpr-service-details\">\n                                        <div class=\"ct-ultimate-gdpr-service-title\">Do not sell my information<\/div>\n                                        <div class=\"ct-ultimate-gdpr-service-description\">Request not to sell personal information<\/div>\n                                    <\/div>\n                                <\/div>\n\t\t\t\t\t\t\t                        <div class=\"ct-ultimate-gdpr-services-email\">\n                            <label for=\"ct-ultimate-gdpr-unsubscribe-email\">Email:<\/label>\n\t\t\t\t\t\t\t                                <input type=\"email\" name=\"ct-ultimate-gdpr-email\" value=\"\" required=\"\"\n                                       id=\"ct-ultimate-gdpr-unsubscribe-email\">\n\t\t\t\t\t\t\t                        <\/div>\n                        <label for=\"ct-ultimate-gdpr-consent-unsubscribe\">\n                            <input type=\"checkbox\" id=\"ct-ultimate-gdpr-consent-unsubscribe\"\n                                   name=\"ct-ultimate-gdpr-consent-unsubscribe\" required=\"\">\n                            <span class=\"ct-checkbox\"><\/span>\n\t\t\t\t\t\t\tJe consens \u00e0 ce que mon adresse email soit collect\u00e9e afin de traiter cette demande. Voir la page Politique de confidentialit\u00e9 pour plus d&#039;informations.                        <\/label>\n\t\t\t\t\t\t\t\t\t\t\t\t                        <input type=\"hidden\" name=\"ct-ultimate-gdpr-request-url\" value=\"https:\/\/mm-kemperprofiles.com\/fr\/privacy-settings-page\/\"\/>\n                        <input type=\"submit\" class=\"ct-ultimate-gdpr-unsubscribe-submitBtn\"\n                               name=\"ct-ultimate-gdpr-unsubscribe-submit\"\n                               value=\"Envoyer\">\n                    <\/div>\n                <\/form>\n            <\/div>\n\t\t    <\/div>\n\n<\/div>\n","protected":false},"excerpt":{"rendered":"","protected":false},"author":1,"featured_media":0,"parent":0,"menu_order":0,"comment_status":"closed","ping_status":"closed","template":"","meta":{"_acf_changed":false,"footnotes":""},"class_list":["post-327","page","type-page","status-publish","hentry"],"acf":[],"yoast_head":"<!-- This site is optimized with the Yoast SEO plugin v27.4 - https:\/\/yoast.com\/product\/yoast-seo-wordpress\/ -->\n<title>Param\u00e8tres de confidentialit\u00e9 - M-M Kemper Profiles<\/title>\n<meta name=\"description\" content=\"Professional Studio Kemper Profiles and ToneX Captures, featuring Fender, Marshall, Mesa Boogie, Orange, Bogner, Kitty Hawk, Davoli and more!\" \/>\n<meta name=\"robots\" content=\"index, follow, max-snippet:-1, max-image-preview:large, max-video-preview:-1\" \/>\n<link rel=\"canonical\" href=\"https:\/\/mm-kemperprofiles.com\/fr\/privacy-settings-page\/\" \/>\n<meta property=\"og:locale\" content=\"fr_FR\" \/>\n<meta property=\"og:type\" content=\"article\" \/>\n<meta property=\"og:title\" content=\"Param\u00e8tres de confidentialit\u00e9 - M-M Kemper Profiles\" \/>\n<meta property=\"og:description\" content=\"Professional Studio Kemper Profiles and ToneX Captures, featuring Fender, Marshall, Mesa Boogie, Orange, Bogner, Kitty Hawk, Davoli and more!\" \/>\n<meta property=\"og:url\" content=\"https:\/\/mm-kemperprofiles.com\/fr\/privacy-settings-page\/\" \/>\n<meta property=\"og:site_name\" content=\"M-M Kemper Profiles\" \/>\n<meta property=\"article:publisher\" content=\"https:\/\/www.facebook.com\/mmkemperprofiles\" \/>\n<meta property=\"article:modified_time\" content=\"2024-04-17T17:23:37+00:00\" \/>\n<meta property=\"og:image\" content=\"https:\/\/mm-kemperprofiles.com\/wp-content\/uploads\/2020\/09\/kemper-profiles-small.png\" \/>\n\t<meta property=\"og:image:width\" content=\"300\" \/>\n\t<meta property=\"og:image:height\" content=\"300\" \/>\n\t<meta property=\"og:image:type\" content=\"image\/png\" \/>\n<meta name=\"twitter:card\" content=\"summary_large_image\" \/>\n<meta name=\"twitter:site\" content=\"@MarcoMarchionn9\" \/>\n<meta name=\"twitter:label1\" content=\"Dur\u00e9e de lecture estim\u00e9e\" \/>\n\t<meta name=\"twitter:data1\" content=\"1 minute\" \/>\n<script type=\"application\/ld+json\" class=\"yoast-schema-graph\">{\"@context\":\"https:\\\/\\\/schema.org\",\"@graph\":[{\"@type\":\"WebPage\",\"@id\":\"https:\\\/\\\/mm-kemperprofiles.com\\\/fr\\\/privacy-settings-page\\\/\",\"url\":\"https:\\\/\\\/mm-kemperprofiles.com\\\/fr\\\/privacy-settings-page\\\/\",\"name\":\"Param\u00e8tres de confidentialit\u00e9 - M-M Kemper Profiles\",\"isPartOf\":{\"@id\":\"https:\\\/\\\/mm-kemperprofiles.com\\\/fr\\\/#website\"},\"datePublished\":\"2020-09-18T11:26:03+00:00\",\"dateModified\":\"2024-04-17T17:23:37+00:00\",\"description\":\"Professional Studio Kemper Profiles and ToneX Captures, featuring Fender, Marshall, Mesa Boogie, Orange, Bogner, Kitty Hawk, Davoli and more!\",\"breadcrumb\":{\"@id\":\"https:\\\/\\\/mm-kemperprofiles.com\\\/fr\\\/privacy-settings-page\\\/#breadcrumb\"},\"inLanguage\":\"fr-FR\",\"potentialAction\":[{\"@type\":\"ReadAction\",\"target\":[[\"https:\\\/\\\/mm-kemperprofiles.com\\\/fr\\\/privacy-settings-page\\\/\"]]}]},{\"@type\":\"BreadcrumbList\",\"@id\":\"https:\\\/\\\/mm-kemperprofiles.com\\\/fr\\\/privacy-settings-page\\\/#breadcrumb\",\"itemListElement\":[{\"@type\":\"ListItem\",\"position\":1,\"name\":\"Home\",\"item\":\"https:\\\/\\\/mm-kemperprofiles.com\\\/fr\\\/\"},{\"@type\":\"ListItem\",\"position\":2,\"name\":\"Impostazioni Privacy\"}]},{\"@type\":\"WebSite\",\"@id\":\"https:\\\/\\\/mm-kemperprofiles.com\\\/fr\\\/#website\",\"url\":\"https:\\\/\\\/mm-kemperprofiles.com\\\/fr\\\/\",\"name\":\"M-M Kemper Profiles\",\"description\":\"Professional Studio Kemper Profiles\",\"publisher\":{\"@id\":\"https:\\\/\\\/mm-kemperprofiles.com\\\/fr\\\/#organization\"},\"potentialAction\":[{\"@type\":\"SearchAction\",\"target\":{\"@type\":\"EntryPoint\",\"urlTemplate\":\"https:\\\/\\\/mm-kemperprofiles.com\\\/fr\\\/?s={search_term_string}\"},\"query-input\":{\"@type\":\"PropertyValueSpecification\",\"valueRequired\":true,\"valueName\":\"search_term_string\"}}],\"inLanguage\":\"fr-FR\"},{\"@type\":\"Organization\",\"@id\":\"https:\\\/\\\/mm-kemperprofiles.com\\\/fr\\\/#organization\",\"name\":\"M-M Kemper Profiles\",\"url\":\"https:\\\/\\\/mm-kemperprofiles.com\\\/fr\\\/\",\"logo\":{\"@type\":\"ImageObject\",\"inLanguage\":\"fr-FR\",\"@id\":\"https:\\\/\\\/mm-kemperprofiles.com\\\/fr\\\/#\\\/schema\\\/logo\\\/image\\\/\",\"url\":\"https:\\\/\\\/mm-kemperprofiles.com\\\/wp-content\\\/uploads\\\/2020\\\/09\\\/kemper-profiles-small.png\",\"contentUrl\":\"https:\\\/\\\/mm-kemperprofiles.com\\\/wp-content\\\/uploads\\\/2020\\\/09\\\/kemper-profiles-small.png\",\"width\":300,\"height\":300,\"caption\":\"M-M Kemper Profiles\"},\"image\":{\"@id\":\"https:\\\/\\\/mm-kemperprofiles.com\\\/fr\\\/#\\\/schema\\\/logo\\\/image\\\/\"},\"sameAs\":[\"https:\\\/\\\/www.facebook.com\\\/mmkemperprofiles\",\"https:\\\/\\\/x.com\\\/MarcoMarchionn9\",\"https:\\\/\\\/instagram.com\\\/mm.kemper.profiles\",\"https:\\\/\\\/www.youtube.com\\\/@MMKemperProfiles\"]}]}<\/script>\n<!-- \/ Yoast SEO plugin. -->","yoast_head_json":{"title":"Param\u00e8tres de confidentialit\u00e9 - M-M Kemper Profiles","description":"Professional Studio Kemper Profiles and ToneX Captures, featuring Fender, Marshall, Mesa Boogie, Orange, Bogner, Kitty Hawk, Davoli and more!","robots":{"index":"index","follow":"follow","max-snippet":"max-snippet:-1","max-image-preview":"max-image-preview:large","max-video-preview":"max-video-preview:-1"},"canonical":"https:\/\/mm-kemperprofiles.com\/fr\/privacy-settings-page\/","og_locale":"fr_FR","og_type":"article","og_title":"Param\u00e8tres de confidentialit\u00e9 - M-M Kemper Profiles","og_description":"Professional Studio Kemper Profiles and ToneX Captures, featuring Fender, Marshall, Mesa Boogie, Orange, Bogner, Kitty Hawk, Davoli and more!","og_url":"https:\/\/mm-kemperprofiles.com\/fr\/privacy-settings-page\/","og_site_name":"M-M Kemper Profiles","article_publisher":"https:\/\/www.facebook.com\/mmkemperprofiles","article_modified_time":"2024-04-17T17:23:37+00:00","og_image":[{"width":300,"height":300,"url":"https:\/\/mm-kemperprofiles.com\/wp-content\/uploads\/2020\/09\/kemper-profiles-small.png","type":"image\/png"}],"twitter_card":"summary_large_image","twitter_site":"@MarcoMarchionn9","twitter_misc":{"Dur\u00e9e de lecture estim\u00e9e":"1 minute"},"schema":{"@context":"https:\/\/schema.org","@graph":[{"@type":"WebPage","@id":"https:\/\/mm-kemperprofiles.com\/fr\/privacy-settings-page\/","url":"https:\/\/mm-kemperprofiles.com\/fr\/privacy-settings-page\/","name":"Param\u00e8tres de confidentialit\u00e9 - M-M Kemper Profiles","isPartOf":{"@id":"https:\/\/mm-kemperprofiles.com\/fr\/#website"},"datePublished":"2020-09-18T11:26:03+00:00","dateModified":"2024-04-17T17:23:37+00:00","description":"Professional Studio Kemper Profiles and ToneX Captures, featuring Fender, Marshall, Mesa Boogie, Orange, Bogner, Kitty Hawk, Davoli and more!","breadcrumb":{"@id":"https:\/\/mm-kemperprofiles.com\/fr\/privacy-settings-page\/#breadcrumb"},"inLanguage":"fr-FR","potentialAction":[{"@type":"ReadAction","target":[["https:\/\/mm-kemperprofiles.com\/fr\/privacy-settings-page\/"]]}]},{"@type":"BreadcrumbList","@id":"https:\/\/mm-kemperprofiles.com\/fr\/privacy-settings-page\/#breadcrumb","itemListElement":[{"@type":"ListItem","position":1,"name":"Home","item":"https:\/\/mm-kemperprofiles.com\/fr\/"},{"@type":"ListItem","position":2,"name":"Impostazioni Privacy"}]},{"@type":"WebSite","@id":"https:\/\/mm-kemperprofiles.com\/fr\/#website","url":"https:\/\/mm-kemperprofiles.com\/fr\/","name":"M-M Kemper Profiles","description":"Professional Studio Kemper Profiles","publisher":{"@id":"https:\/\/mm-kemperprofiles.com\/fr\/#organization"},"potentialAction":[{"@type":"SearchAction","target":{"@type":"EntryPoint","urlTemplate":"https:\/\/mm-kemperprofiles.com\/fr\/?s={search_term_string}"},"query-input":{"@type":"PropertyValueSpecification","valueRequired":true,"valueName":"search_term_string"}}],"inLanguage":"fr-FR"},{"@type":"Organization","@id":"https:\/\/mm-kemperprofiles.com\/fr\/#organization","name":"M-M Kemper Profiles","url":"https:\/\/mm-kemperprofiles.com\/fr\/","logo":{"@type":"ImageObject","inLanguage":"fr-FR","@id":"https:\/\/mm-kemperprofiles.com\/fr\/#\/schema\/logo\/image\/","url":"https:\/\/mm-kemperprofiles.com\/wp-content\/uploads\/2020\/09\/kemper-profiles-small.png","contentUrl":"https:\/\/mm-kemperprofiles.com\/wp-content\/uploads\/2020\/09\/kemper-profiles-small.png","width":300,"height":300,"caption":"M-M Kemper Profiles"},"image":{"@id":"https:\/\/mm-kemperprofiles.com\/fr\/#\/schema\/logo\/image\/"},"sameAs":["https:\/\/www.facebook.com\/mmkemperprofiles","https:\/\/x.com\/MarcoMarchionn9","https:\/\/instagram.com\/mm.kemper.profiles","https:\/\/www.youtube.com\/@MMKemperProfiles"]}]}},"_links":{"self":[{"href":"https:\/\/mm-kemperprofiles.com\/fr\/wp-json\/wp\/v2\/pages\/327","targetHints":{"allow":["GET"]}}],"collection":[{"href":"https:\/\/mm-kemperprofiles.com\/fr\/wp-json\/wp\/v2\/pages"}],"about":[{"href":"https:\/\/mm-kemperprofiles.com\/fr\/wp-json\/wp\/v2\/types\/page"}],"author":[{"embeddable":true,"href":"https:\/\/mm-kemperprofiles.com\/fr\/wp-json\/wp\/v2\/users\/1"}],"replies":[{"embeddable":true,"href":"https:\/\/mm-kemperprofiles.com\/fr\/wp-json\/wp\/v2\/comments?post=327"}],"version-history":[{"count":0,"href":"https:\/\/mm-kemperprofiles.com\/fr\/wp-json\/wp\/v2\/pages\/327\/revisions"}],"wp:attachment":[{"href":"https:\/\/mm-kemperprofiles.com\/fr\/wp-json\/wp\/v2\/media?parent=327"}],"curies":[{"name":"wp","href":"https:\/\/api.w.org\/{rel}","templated":true}]}}