{"id":2699,"date":"2023-01-14T17:43:19","date_gmt":"2023-01-14T16:43:19","guid":{"rendered":"https:\/\/mm-kemperprofiles.com\/?page_id=2699"},"modified":"2025-06-03T15:14:45","modified_gmt":"2025-06-03T13:14:45","slug":"faq","status":"publish","type":"page","link":"https:\/\/mm-kemperprofiles.com\/fr\/faq\/","title":{"rendered":"FAQ"},"content":{"rendered":"\t\t\t<div class=\"yith-faqs\">\n\t\t\t\t\t\t\t\t<div id=\"yith-faqs-container\" class=\"yith-faqs-container yith-faq-type-accordion minimal yith-faqs-paged  default-loader\" style=\"--ywfp-icon-font-size: 14px;\">\n\n\t\t\t\t\t\n\t\t\t\t\t\n\t\t\t\t\t\t\t\t\t\t\t\t<div id=\"faq-2698\" class=\"yith-faqs-item icon-left\">\n\t\t\t\t\t\t\t<div class=\"yith-faqs-title\">\n\t\t\t\t\t\t\t\t\t\t\t\t\t\t\t\t\t<div class=\"icon yfwp-chevron-circle-down\"><\/div>\n\t\t\t\t\t\t\t\t\t\t\t\t\t\t\t\t<b>O\u00f9 puis-je recevoir les profils achet\u00e9s?<\/b>\n\t\t\t\t\t\t\t<\/div>\n\t\t\t\t\t\t\t<div class=\"yith-faqs-content-wrapper\">\n\t\t\t\t\t\t\t\t<div class=\"yith-faqs-content\">\n\t\t\t\t\t\t\t\t\t<p>D\u00e8s que le paiement est effectu\u00e9, vous recevrez automatiquement un e-mail\u00a0sur l&rsquo;adresse \u00e9lectronique que vous avez fournie ou li\u00e9e \u00e0 votre compte PayPal,\u00a0avec le lien de t\u00e9l\u00e9chargement des produits achet\u00e9s.<\/p>\n<p>Si vous \u00eates un utilisateur enregistr\u00e9, vous pouvez trouver\u00a0les produits achet\u00e9s dans votre espace personnel.<\/p>\n\t\t\t\t\t\t\t\t<\/div>\n\t\t\t\t\t\t\t\t\t\t\t\t\t\t\t\t\t<div class=\"yith-faqs-link\">\n\t\t\t\t\t\t\t\t\t\t<a class=\"yith-faqs-copy\" href=\"#\" data-faq=\"https:\/\/mm-kemperprofiles.com\/fr\/faq\/#faq-2698\">\n\t\t\t\t\t\t\t\t\t\t\t<span class=\"hover-text\">Copy link<\/span>\n\t\t\t\t\t\t\t\t\t\t\t<span class=\"success-text\">Copied!<\/span>\n\t\t\t\t\t\t\t\t\t\t<\/a>\n\t\t\t\t\t\t\t\t\t<\/div>\n\t\t\t\t\t\t\t\t\t\t\t\t\t\t\t<\/div>\n\t\t\t\t\t\t<\/div>\n\n\t\t\t\t\t\n\t\t\t\t\t\t\t\t\t\t\t\t<div id=\"faq-2702\" class=\"yith-faqs-item icon-left\">\n\t\t\t\t\t\t\t<div class=\"yith-faqs-title\">\n\t\t\t\t\t\t\t\t\t\t\t\t\t\t\t\t\t<div class=\"icon yfwp-chevron-circle-down\"><\/div>\n\t\t\t\t\t\t\t\t\t\t\t\t\t\t\t\t<b>Pourquoi ne re\u00e7ois-je pas l&rsquo;e-mail contenant le lien vers les produits achet\u00e9s?<\/b>\n\t\t\t\t\t\t\t<\/div>\n\t\t\t\t\t\t\t<div class=\"yith-faqs-content-wrapper\">\n\t\t\t\t\t\t\t\t<div class=\"yith-faqs-content\">\n\t\t\t\t\t\t\t\t\t<p>Il se peut que l&rsquo;e-mail contenant le lien vers le paquet finisse dans les spams, v\u00e9rifiez alors\u00a0le dossier correspondant.<\/p>\n<p>Il peut arriver qu&rsquo;apr\u00e8s un achat, PayPal effectue des contr\u00f4les sur la transaction\u00a0sur l&rsquo;op\u00e9ration effectu\u00e9e. Auquel cas l&rsquo;e-mail n&rsquo;arrive pas avant que l&rsquo;op\u00e9ration soit autoris\u00e9e. Vous devez v\u00e9rifier le statut de la transaction d&rsquo;achat, avant d&rsquo;ouvrir une plainte ou de nous contacter.<\/p>\n\t\t\t\t\t\t\t\t<\/div>\n\t\t\t\t\t\t\t\t\t\t\t\t\t\t\t\t\t<div class=\"yith-faqs-link\">\n\t\t\t\t\t\t\t\t\t\t<a class=\"yith-faqs-copy\" href=\"#\" data-faq=\"https:\/\/mm-kemperprofiles.com\/fr\/faq\/#faq-2702\">\n\t\t\t\t\t\t\t\t\t\t\t<span class=\"hover-text\">Copy link<\/span>\n\t\t\t\t\t\t\t\t\t\t\t<span class=\"success-text\">Copied!<\/span>\n\t\t\t\t\t\t\t\t\t\t<\/a>\n\t\t\t\t\t\t\t\t\t<\/div>\n\t\t\t\t\t\t\t\t\t\t\t\t\t\t\t<\/div>\n\t\t\t\t\t\t<\/div>\n\n\t\t\t\t\t\n\t\t\t\t\t\t\t\t\t\t\t\t<div id=\"faq-2703\" class=\"yith-faqs-item icon-left\">\n\t\t\t\t\t\t\t<div class=\"yith-faqs-title\">\n\t\t\t\t\t\t\t\t\t\t\t\t\t\t\t\t\t<div class=\"icon yfwp-chevron-circle-down\"><\/div>\n\t\t\t\t\t\t\t\t\t\t\t\t\t\t\t\t<b>Comment puis-je obtenir des mises \u00e0 jour pour les paquets que j&rsquo;ai d\u00e9j\u00e0 achet\u00e9s?<\/b>\n\t\t\t\t\t\t\t<\/div>\n\t\t\t\t\t\t\t<div class=\"yith-faqs-content-wrapper\">\n\t\t\t\t\t\t\t\t<div class=\"yith-faqs-content\">\n\t\t\t\t\t\t\t\t\t<p>Si vous \u00eates un utilisateur enregistr\u00e9, d\u00e8s que vous \u00eates inform\u00e9 de la disponibilit\u00e9 d&rsquo;une mise \u00e0 jour\u00a0d&rsquo;un ou plusieurs forfaits que vous avez achet\u00e9s, vous pourrez vous connecter \u00e0 votre espace personnel et t\u00e9l\u00e9charger \u00e0 nouveau\u00a0le lien avec le paquet mis \u00e0 jour.<\/p>\n<p>Si vous n&rsquo;\u00eates pas un utilisateur enregistr\u00e9, vous pouvez t\u00e9l\u00e9charger le paquet mis \u00e0 jour \u00e0 partir du m\u00eame lien que vous avez re\u00e7u\u00a0au moment de l&rsquo;achat.<\/p>\n<p>Il suffit de nous contacter si vous ne trouvez plus votre lien.<\/p>\n\t\t\t\t\t\t\t\t<\/div>\n\t\t\t\t\t\t\t\t\t\t\t\t\t\t\t\t\t<div class=\"yith-faqs-link\">\n\t\t\t\t\t\t\t\t\t\t<a class=\"yith-faqs-copy\" href=\"#\" data-faq=\"https:\/\/mm-kemperprofiles.com\/fr\/faq\/#faq-2703\">\n\t\t\t\t\t\t\t\t\t\t\t<span class=\"hover-text\">Copy link<\/span>\n\t\t\t\t\t\t\t\t\t\t\t<span class=\"success-text\">Copied!<\/span>\n\t\t\t\t\t\t\t\t\t\t<\/a>\n\t\t\t\t\t\t\t\t\t<\/div>\n\t\t\t\t\t\t\t\t\t\t\t\t\t\t\t<\/div>\n\t\t\t\t\t\t<\/div>\n\n\t\t\t\t\t\n\t\t\t\t\t\t\t\t\t\t\t\t<div id=\"faq-2705\" class=\"yith-faqs-item icon-left\">\n\t\t\t\t\t\t\t<div class=\"yith-faqs-title\">\n\t\t\t\t\t\t\t\t\t\t\t\t\t\t\t\t\t<div class=\"icon yfwp-chevron-circle-down\"><\/div>\n\t\t\t\t\t\t\t\t\t\t\t\t\t\t\t\t<b>Comment faites-vous les d\u00e9mos?<\/b>\n\t\t\t\t\t\t\t<\/div>\n\t\t\t\t\t\t\t<div class=\"yith-faqs-content-wrapper\">\n\t\t\t\t\t\t\t\t<div class=\"yith-faqs-content\">\n\t\t\t\t\t\t\t\t\t<p>Les d\u00e9mos sont r\u00e9alis\u00e9es en connectant le Kemper via la sortie num\u00e9rique Spdif, directement \u00e0 l&rsquo;entr\u00e9e num\u00e9rique\u00a0d&rsquo;une interface audio de milieu de gamme. Dans certains cas, il n&rsquo;y a que l&rsquo;audio d&rsquo;une cam\u00e9ra vid\u00e9o pour le tournage le son ambiant, ou un m\u00e9lange des deux.<\/p>\n\t\t\t\t\t\t\t\t<\/div>\n\t\t\t\t\t\t\t\t\t\t\t\t\t\t\t\t\t<div class=\"yith-faqs-link\">\n\t\t\t\t\t\t\t\t\t\t<a class=\"yith-faqs-copy\" href=\"#\" data-faq=\"https:\/\/mm-kemperprofiles.com\/fr\/faq\/#faq-2705\">\n\t\t\t\t\t\t\t\t\t\t\t<span class=\"hover-text\">Copy link<\/span>\n\t\t\t\t\t\t\t\t\t\t\t<span class=\"success-text\">Copied!<\/span>\n\t\t\t\t\t\t\t\t\t\t<\/a>\n\t\t\t\t\t\t\t\t\t<\/div>\n\t\t\t\t\t\t\t\t\t\t\t\t\t\t\t<\/div>\n\t\t\t\t\t\t<\/div>\n\n\t\t\t\t\t\n\t\t\t\t\t\t\t\t\t\t\t\t<div id=\"faq-2704\" class=\"yith-faqs-item icon-left\">\n\t\t\t\t\t\t\t<div class=\"yith-faqs-title\">\n\t\t\t\t\t\t\t\t\t\t\t\t\t\t\t\t\t<div class=\"icon yfwp-chevron-circle-down\"><\/div>\n\t\t\t\t\t\t\t\t\t\t\t\t\t\t\t\t<b>O\u00f9 puis-je trouver des d\u00e9mos de vos profils Kemper?<\/b>\n\t\t\t\t\t\t\t<\/div>\n\t\t\t\t\t\t\t<div class=\"yith-faqs-content-wrapper\">\n\t\t\t\t\t\t\t\t<div class=\"yith-faqs-content\">\n\t\t\t\t\t\t\t\t\t<p>Chaque paquet sur ce site comprend une ou plusieurs vid\u00e9os de d\u00e9monstration; si vous \u00eates int\u00e9ress\u00e9 par toutes les vid\u00e9os r\u00e9alis\u00e9es, rendez-vous sur la cha\u00eene YouTube <a href=\"https:\/\/www.youtube.com\/@MMKemperProfiles\">https:\/\/www.youtube.com\/@MMKemperProfiles<\/a> et inscrivez-vous pour \u00eatre inform\u00e9 des nouvelles versions\u00a0et des mises \u00e0 jour.<\/p>\n\t\t\t\t\t\t\t\t<\/div>\n\t\t\t\t\t\t\t\t\t\t\t\t\t\t\t\t\t<div class=\"yith-faqs-link\">\n\t\t\t\t\t\t\t\t\t\t<a class=\"yith-faqs-copy\" href=\"#\" data-faq=\"https:\/\/mm-kemperprofiles.com\/fr\/faq\/#faq-2704\">\n\t\t\t\t\t\t\t\t\t\t\t<span class=\"hover-text\">Copy link<\/span>\n\t\t\t\t\t\t\t\t\t\t\t<span class=\"success-text\">Copied!<\/span>\n\t\t\t\t\t\t\t\t\t\t<\/a>\n\t\t\t\t\t\t\t\t\t<\/div>\n\t\t\t\t\t\t\t\t\t\t\t\t\t\t\t<\/div>\n\t\t\t\t\t\t<\/div>\n\n\t\t\t\t\t\n\t\t\t\t\t\t\t\t\t\t\t\t<div id=\"faq-2706\" class=\"yith-faqs-item icon-left\">\n\t\t\t\t\t\t\t<div class=\"yith-faqs-title\">\n\t\t\t\t\t\t\t\t\t\t\t\t\t\t\t\t\t<div class=\"icon yfwp-chevron-circle-down\"><\/div>\n\t\t\t\t\t\t\t\t\t\t\t\t\t\t\t\t<b>Une fois que j&rsquo;aurai achet\u00e9 le pack, aurai-je exactement le m\u00eame son que celui de la d\u00e9mo?<\/b>\n\t\t\t\t\t\t\t<\/div>\n\t\t\t\t\t\t\t<div class=\"yith-faqs-content-wrapper\">\n\t\t\t\t\t\t\t\t<div class=\"yith-faqs-content\">\n\t\t\t\t\t\t\t\t\t<p>Un son de guitare, en g\u00e9n\u00e9ral, est le r\u00e9sultat de nombreux \u00e9l\u00e9ments mis ensemble. Intensit\u00e9 du toucher sur l&rsquo;instrument,\u00a0le type de guitare et de micros utilis\u00e9s, le type d&rsquo;\u00e9coute (casque, moniteur, haut-parleur, etc.).<\/p>\n<p>Nous vous conseillons de bien \u00e9couter chaque appareil; si n\u00e9cessaire, vous pouvez essayer de l&rsquo;am\u00e9liorer selon vos go\u00fbts personnels un appareil particulier, en ajustant les sections EQ et D\u00e9finition.<\/p>\n\t\t\t\t\t\t\t\t<\/div>\n\t\t\t\t\t\t\t\t\t\t\t\t\t\t\t\t\t<div class=\"yith-faqs-link\">\n\t\t\t\t\t\t\t\t\t\t<a class=\"yith-faqs-copy\" href=\"#\" data-faq=\"https:\/\/mm-kemperprofiles.com\/fr\/faq\/#faq-2706\">\n\t\t\t\t\t\t\t\t\t\t\t<span class=\"hover-text\">Copy link<\/span>\n\t\t\t\t\t\t\t\t\t\t\t<span class=\"success-text\">Copied!<\/span>\n\t\t\t\t\t\t\t\t\t\t<\/a>\n\t\t\t\t\t\t\t\t\t<\/div>\n\t\t\t\t\t\t\t\t\t\t\t\t\t\t\t<\/div>\n\t\t\t\t\t\t<\/div>\n\n\t\t\t\t\t\n\t\t\t\t<\/div>\n\t\t\t\t\t\t\t<\/div>\n\t\t\t\n","protected":false},"excerpt":{"rendered":"","protected":false},"author":1,"featured_media":0,"parent":0,"menu_order":0,"comment_status":"closed","ping_status":"closed","template":"","meta":{"_acf_changed":false,"footnotes":""},"class_list":["post-2699","page","type-page","status-publish","hentry"],"acf":[],"yoast_head":"<!-- This site is optimized with the Yoast SEO plugin v27.5 - https:\/\/yoast.com\/product\/yoast-seo-wordpress\/ -->\n<title>FAQ - M-M Kemper Profiles<\/title>\n<meta name=\"description\" content=\"FAQ page - Professional Studio Kemper Profiles, featuring Fender, Marshall, Mesa Boogie, Orange, Bogner, Kitty Hawk, Davoli and more!\" \/>\n<meta name=\"robots\" content=\"index, follow, max-snippet:-1, max-image-preview:large, max-video-preview:-1\" \/>\n<link rel=\"canonical\" href=\"https:\/\/mm-kemperprofiles.com\/fr\/faq\/\" \/>\n<meta property=\"og:locale\" content=\"fr_FR\" \/>\n<meta property=\"og:type\" content=\"article\" \/>\n<meta property=\"og:title\" content=\"FAQ - M-M Kemper Profiles\" \/>\n<meta property=\"og:description\" content=\"FAQ page - Professional Studio Kemper Profiles, featuring Fender, Marshall, Mesa Boogie, Orange, Bogner, Kitty Hawk, Davoli and more!\" \/>\n<meta property=\"og:url\" content=\"https:\/\/mm-kemperprofiles.com\/fr\/faq\/\" \/>\n<meta property=\"og:site_name\" content=\"M-M Kemper Profiles\" \/>\n<meta property=\"article:publisher\" content=\"https:\/\/www.facebook.com\/mmkemperprofiles\" \/>\n<meta property=\"article:modified_time\" content=\"2025-06-03T13:14:45+00:00\" \/>\n<meta property=\"og:image\" content=\"https:\/\/mm-kemperprofiles.com\/wp-content\/uploads\/2020\/09\/kemper-profiles-small.png\" \/>\n\t<meta property=\"og:image:width\" content=\"300\" \/>\n\t<meta property=\"og:image:height\" content=\"300\" \/>\n\t<meta property=\"og:image:type\" content=\"image\/png\" \/>\n<meta name=\"twitter:card\" content=\"summary_large_image\" \/>\n<meta name=\"twitter:site\" content=\"@MarcoMarchionn9\" \/>\n<meta name=\"twitter:label1\" content=\"Dur\u00e9e de lecture estim\u00e9e\" \/>\n\t<meta name=\"twitter:data1\" content=\"1 minute\" \/>\n<script type=\"application\/ld+json\" class=\"yoast-schema-graph\">{\"@context\":\"https:\\\/\\\/schema.org\",\"@graph\":[{\"@type\":[\"WebPage\",\"FAQPage\"],\"@id\":\"https:\\\/\\\/mm-kemperprofiles.com\\\/fr\\\/faq\\\/\",\"url\":\"https:\\\/\\\/mm-kemperprofiles.com\\\/fr\\\/faq\\\/\",\"name\":\"FAQ - M-M Kemper Profiles\",\"isPartOf\":{\"@id\":\"https:\\\/\\\/mm-kemperprofiles.com\\\/fr\\\/#website\"},\"datePublished\":\"2023-01-14T16:43:19+00:00\",\"dateModified\":\"2025-06-03T13:14:45+00:00\",\"description\":\"FAQ page - Professional Studio Kemper Profiles, featuring Fender, Marshall, Mesa Boogie, Orange, Bogner, Kitty Hawk, Davoli and more!\",\"breadcrumb\":{\"@id\":\"https:\\\/\\\/mm-kemperprofiles.com\\\/fr\\\/faq\\\/#breadcrumb\"},\"inLanguage\":\"fr-FR\",\"potentialAction\":[{\"@type\":\"ReadAction\",\"target\":[[\"https:\\\/\\\/mm-kemperprofiles.com\\\/fr\\\/faq\\\/\"]]}]},{\"@type\":\"BreadcrumbList\",\"@id\":\"https:\\\/\\\/mm-kemperprofiles.com\\\/fr\\\/faq\\\/#breadcrumb\",\"itemListElement\":[{\"@type\":\"ListItem\",\"position\":1,\"name\":\"Home\",\"item\":\"https:\\\/\\\/mm-kemperprofiles.com\\\/fr\\\/\"},{\"@type\":\"ListItem\",\"position\":2,\"name\":\"FAQ\"}]},{\"@type\":\"WebSite\",\"@id\":\"https:\\\/\\\/mm-kemperprofiles.com\\\/fr\\\/#website\",\"url\":\"https:\\\/\\\/mm-kemperprofiles.com\\\/fr\\\/\",\"name\":\"M-M Kemper Profiles\",\"description\":\"Professional Studio Kemper Profiles\",\"publisher\":{\"@id\":\"https:\\\/\\\/mm-kemperprofiles.com\\\/fr\\\/#organization\"},\"potentialAction\":[{\"@type\":\"SearchAction\",\"target\":{\"@type\":\"EntryPoint\",\"urlTemplate\":\"https:\\\/\\\/mm-kemperprofiles.com\\\/fr\\\/?s={search_term_string}\"},\"query-input\":{\"@type\":\"PropertyValueSpecification\",\"valueRequired\":true,\"valueName\":\"search_term_string\"}}],\"inLanguage\":\"fr-FR\"},{\"@type\":\"Organization\",\"@id\":\"https:\\\/\\\/mm-kemperprofiles.com\\\/fr\\\/#organization\",\"name\":\"M-M Kemper Profiles\",\"url\":\"https:\\\/\\\/mm-kemperprofiles.com\\\/fr\\\/\",\"logo\":{\"@type\":\"ImageObject\",\"inLanguage\":\"fr-FR\",\"@id\":\"https:\\\/\\\/mm-kemperprofiles.com\\\/fr\\\/#\\\/schema\\\/logo\\\/image\\\/\",\"url\":\"https:\\\/\\\/mm-kemperprofiles.com\\\/wp-content\\\/uploads\\\/2020\\\/09\\\/kemper-profiles-small.png\",\"contentUrl\":\"https:\\\/\\\/mm-kemperprofiles.com\\\/wp-content\\\/uploads\\\/2020\\\/09\\\/kemper-profiles-small.png\",\"width\":300,\"height\":300,\"caption\":\"M-M Kemper Profiles\"},\"image\":{\"@id\":\"https:\\\/\\\/mm-kemperprofiles.com\\\/fr\\\/#\\\/schema\\\/logo\\\/image\\\/\"},\"sameAs\":[\"https:\\\/\\\/www.facebook.com\\\/mmkemperprofiles\",\"https:\\\/\\\/x.com\\\/MarcoMarchionn9\",\"https:\\\/\\\/instagram.com\\\/mm.kemper.profiles\",\"https:\\\/\\\/www.youtube.com\\\/@MMKemperProfiles\"]}]}<\/script>\n<!-- \/ Yoast SEO plugin. -->","yoast_head_json":{"title":"FAQ - M-M Kemper Profiles","description":"FAQ page - Professional Studio Kemper Profiles, featuring Fender, Marshall, Mesa Boogie, Orange, Bogner, Kitty Hawk, Davoli and more!","robots":{"index":"index","follow":"follow","max-snippet":"max-snippet:-1","max-image-preview":"max-image-preview:large","max-video-preview":"max-video-preview:-1"},"canonical":"https:\/\/mm-kemperprofiles.com\/fr\/faq\/","og_locale":"fr_FR","og_type":"article","og_title":"FAQ - M-M Kemper Profiles","og_description":"FAQ page - Professional Studio Kemper Profiles, featuring Fender, Marshall, Mesa Boogie, Orange, Bogner, Kitty Hawk, Davoli and more!","og_url":"https:\/\/mm-kemperprofiles.com\/fr\/faq\/","og_site_name":"M-M Kemper Profiles","article_publisher":"https:\/\/www.facebook.com\/mmkemperprofiles","article_modified_time":"2025-06-03T13:14:45+00:00","og_image":[{"width":300,"height":300,"url":"https:\/\/mm-kemperprofiles.com\/wp-content\/uploads\/2020\/09\/kemper-profiles-small.png","type":"image\/png"}],"twitter_card":"summary_large_image","twitter_site":"@MarcoMarchionn9","twitter_misc":{"Dur\u00e9e de lecture estim\u00e9e":"1 minute"},"schema":{"@context":"https:\/\/schema.org","@graph":[{"@type":["WebPage","FAQPage"],"@id":"https:\/\/mm-kemperprofiles.com\/fr\/faq\/","url":"https:\/\/mm-kemperprofiles.com\/fr\/faq\/","name":"FAQ - M-M Kemper Profiles","isPartOf":{"@id":"https:\/\/mm-kemperprofiles.com\/fr\/#website"},"datePublished":"2023-01-14T16:43:19+00:00","dateModified":"2025-06-03T13:14:45+00:00","description":"FAQ page - Professional Studio Kemper Profiles, featuring Fender, Marshall, Mesa Boogie, Orange, Bogner, Kitty Hawk, Davoli and more!","breadcrumb":{"@id":"https:\/\/mm-kemperprofiles.com\/fr\/faq\/#breadcrumb"},"inLanguage":"fr-FR","potentialAction":[{"@type":"ReadAction","target":[["https:\/\/mm-kemperprofiles.com\/fr\/faq\/"]]}]},{"@type":"BreadcrumbList","@id":"https:\/\/mm-kemperprofiles.com\/fr\/faq\/#breadcrumb","itemListElement":[{"@type":"ListItem","position":1,"name":"Home","item":"https:\/\/mm-kemperprofiles.com\/fr\/"},{"@type":"ListItem","position":2,"name":"FAQ"}]},{"@type":"WebSite","@id":"https:\/\/mm-kemperprofiles.com\/fr\/#website","url":"https:\/\/mm-kemperprofiles.com\/fr\/","name":"M-M Kemper Profiles","description":"Professional Studio Kemper Profiles","publisher":{"@id":"https:\/\/mm-kemperprofiles.com\/fr\/#organization"},"potentialAction":[{"@type":"SearchAction","target":{"@type":"EntryPoint","urlTemplate":"https:\/\/mm-kemperprofiles.com\/fr\/?s={search_term_string}"},"query-input":{"@type":"PropertyValueSpecification","valueRequired":true,"valueName":"search_term_string"}}],"inLanguage":"fr-FR"},{"@type":"Organization","@id":"https:\/\/mm-kemperprofiles.com\/fr\/#organization","name":"M-M Kemper Profiles","url":"https:\/\/mm-kemperprofiles.com\/fr\/","logo":{"@type":"ImageObject","inLanguage":"fr-FR","@id":"https:\/\/mm-kemperprofiles.com\/fr\/#\/schema\/logo\/image\/","url":"https:\/\/mm-kemperprofiles.com\/wp-content\/uploads\/2020\/09\/kemper-profiles-small.png","contentUrl":"https:\/\/mm-kemperprofiles.com\/wp-content\/uploads\/2020\/09\/kemper-profiles-small.png","width":300,"height":300,"caption":"M-M Kemper Profiles"},"image":{"@id":"https:\/\/mm-kemperprofiles.com\/fr\/#\/schema\/logo\/image\/"},"sameAs":["https:\/\/www.facebook.com\/mmkemperprofiles","https:\/\/x.com\/MarcoMarchionn9","https:\/\/instagram.com\/mm.kemper.profiles","https:\/\/www.youtube.com\/@MMKemperProfiles"]}]}},"_links":{"self":[{"href":"https:\/\/mm-kemperprofiles.com\/fr\/wp-json\/wp\/v2\/pages\/2699","targetHints":{"allow":["GET"]}}],"collection":[{"href":"https:\/\/mm-kemperprofiles.com\/fr\/wp-json\/wp\/v2\/pages"}],"about":[{"href":"https:\/\/mm-kemperprofiles.com\/fr\/wp-json\/wp\/v2\/types\/page"}],"author":[{"embeddable":true,"href":"https:\/\/mm-kemperprofiles.com\/fr\/wp-json\/wp\/v2\/users\/1"}],"replies":[{"embeddable":true,"href":"https:\/\/mm-kemperprofiles.com\/fr\/wp-json\/wp\/v2\/comments?post=2699"}],"version-history":[{"count":0,"href":"https:\/\/mm-kemperprofiles.com\/fr\/wp-json\/wp\/v2\/pages\/2699\/revisions"}],"wp:attachment":[{"href":"https:\/\/mm-kemperprofiles.com\/fr\/wp-json\/wp\/v2\/media?parent=2699"}],"curies":[{"name":"wp","href":"https:\/\/api.w.org\/{rel}","templated":true}]}}